{"id":8053,"date":"2025-08-07T03:34:26","date_gmt":"2025-08-07T01:34:26","guid":{"rendered":"https:\/\/peter.cetaq.de\/declaration-de-confidentialite\/"},"modified":"2026-01-16T13:34:11","modified_gmt":"2026-01-16T12:34:11","slug":"declaration-de-confidentialite","status":"publish","type":"page","link":"https:\/\/cetaq.com\/fr\/declaration-de-confidentialite\/","title":{"rendered":"D\u00e9claration de confidentialit\u00e9"},"content":{"rendered":"<div class=\"fusion-fullwidth fullwidth-box fusion-builder-row-1 fusion-flex-container has-pattern-background has-mask-background nonhundred-percent-fullwidth non-hundred-percent-height-scrolling\" style=\"--awb-border-radius-top-left:0px;--awb-border-radius-top-right:0px;--awb-border-radius-bottom-right:0px;--awb-border-radius-bottom-left:0px;--awb-flex-wrap:wrap;\" ><div class=\"fusion-builder-row fusion-row fusion-flex-align-items-flex-start fusion-flex-content-wrap\" style=\"max-width:1256.6px;margin-left: calc(-3% \/ 2 );margin-right: calc(-3% \/ 2 );\"><div class=\"fusion-layout-column fusion_builder_column fusion-builder-column-0 fusion_builder_column_1_1 1_1 fusion-flex-column\" style=\"--awb-bg-size:cover;--awb-width-large:100%;--awb-margin-top-large:96px;--awb-spacing-right-large:1.455%;--awb-margin-bottom-large:96px;--awb-spacing-left-large:1.455%;--awb-width-medium:100%;--awb-order-medium:0;--awb-spacing-right-medium:1.455%;--awb-spacing-left-medium:1.455%;--awb-width-small:100%;--awb-order-small:0;--awb-spacing-right-small:1.455%;--awb-spacing-left-small:1.455%;\" data-scroll-devices=\"small-visibility,medium-visibility,large-visibility\"><div class=\"fusion-column-wrapper fusion-column-has-shadow fusion-flex-justify-content-flex-start fusion-content-layout-column\"><div class=\"fusion-text fusion-text-1\"><h3>1. Responsable du traitement<\/h3>\n<p><strong>CeTaQ GmbH<\/strong><br \/>\nAm Promigberg 1<br \/>\n01108 Dresde<br \/>\nAllemagne<\/p>\n<p><strong>Directeurs\u00a0:<\/strong><br \/>\nDipl.-Ing. Heiko Haupt<br \/>\nDr.-Ing. Mathias Keil<\/p>\n<p><strong>Contact<\/strong><br \/>\nT\u00e9l\u00e9phone\u00a0: +49 (0)351 &#8211; 426607-60<br \/>\nT\u00e9l\u00e9copie\u00a0: +49 (0)351 &#8211; 436607-79<br \/>\nE-mail\u00a0: info(at)cetaq.com<\/p>\n<p><strong>R\u00e9dacteur responsable<\/strong><br \/>\nHeiko Haupt<\/p>\n<hr \/>\n<h3>2. Informations g\u00e9n\u00e9rales sur le traitement des donn\u00e9es<\/h3>\n<p>Nous ne traitons les donn\u00e9es personnelles des utilisateurs que dans la mesure o\u00f9 cela est n\u00e9cessaire pour fournir un site web fonctionnel ainsi que nos contenus et services.<br \/>\nLe traitement est effectu\u00e9 conform\u00e9ment aux dispositions du r\u00e8glement g\u00e9n\u00e9ral sur la protection des donn\u00e9es (RGPD) et de la loi f\u00e9d\u00e9rale allemande sur la protection des donn\u00e9es (BDSG).<\/p>\n<hr \/>\n<h3>3. H\u00e9bergement et fichiers journaux du serveur<\/h3>\n<p>Lors de la visite de notre site web, le fournisseur d\u2019h\u00e9bergement collecte et enregistre automatiquement des informations dans des fichiers journaux de serveur.<\/p>\n<p>Ces donn\u00e9es comprennent\u00a0:<\/p>\n<ul>\n<li>Adresse IP<\/li>\n<li>Type et version du navigateur<\/li>\n<li>Syst\u00e8me d\u2019exploitation utilis\u00e9<\/li>\n<li>URL de r\u00e9f\u00e9rence<\/li>\n<li>Date et heure de l\u2019acc\u00e8s<\/li>\n<li>Pages consult\u00e9es<\/li>\n<\/ul>\n<p>Le traitement a lieu pour assurer un fonctionnement sans probl\u00e8me du site web et pour am\u00e9liorer la stabilit\u00e9 et la s\u00e9curit\u00e9.<br \/>\nLa base juridique est l\u2019art. 6, al. 1, let. f du RGPD.<\/p>\n<hr \/>\n<h3>4. Cookies et gestion du consentement<\/h3>\n<p>Notre site web utilise des cookies. Les cookies sont de petits fichiers texte qui sont stock\u00e9s sur votre appareil et permettent certaines fonctions.<\/p>\n<p>Nous utilisons l\u2019extension <strong>Borlabs Cookie<\/strong> afin de g\u00e9rer vos consentements pour l\u2019utilisation de cookies et de services externes conform\u00e9ment \u00e0 la l\u00e9gislation sur la protection des donn\u00e9es.<\/p>\n<ul>\n<li>Les cookies techniquement n\u00e9cessaires sont plac\u00e9s sur la base de l\u2019art. 6, al. 1, let. f du RGPD.<\/li>\n<li>Les cookies non n\u00e9cessaires (par exemple, \u00e0 des fins d\u2019analyse) ne sont plac\u00e9s qu\u2019apr\u00e8s votre consentement explicite conform\u00e9ment \u00e0 l\u2019art. 6, al. 1, let. a du RGPD.<\/li>\n<\/ul>\n<p>Vous pouvez r\u00e9voquer ou modifier votre consentement \u00e0 tout moment via les param\u00e8tres des cookies.<\/p>\n<hr \/>\n<h3>5. Extensions et outils utilis\u00e9s<\/h3>\n<p>Notre site web est bas\u00e9 sur WordPress et utilise diverses extensions. Nous vous informons ci-dessous sur les extensions pertinentes et leur \u00e9valuation en mati\u00e8re de protection des donn\u00e9es.<\/p>\n<h4>5.1 Th\u00e8me Avada et Avada Builder<\/h4>\n<p>Pour la conception et la pr\u00e9sentation du site web, nous utilisons le th\u00e8me WordPress Avada, y compris Avada Builder.<br \/>\nAucune donn\u00e9e personnelle n\u2019est transmise au fabricant ThemeFusion.<\/p>\n<h4>5.2 WPML \u2013 Multilinguisme<\/h4>\n<p>Nous utilisons WPML Multilingual CMS, WPML String Translation ainsi que WPML SEO pour fournir des contenus multilingues.<br \/>\nWPML place un cookie fonctionnel pour enregistrer la langue choisie par l\u2019utilisateur.<br \/>\nAucun transfert de donn\u00e9es au fabricant de l\u2019extension n\u2019a lieu.<\/p>\n<h4>5.3 Advanced Custom Fields (ACF)<\/h4>\n<p>ACF sert \u00e0 la gestion structur\u00e9e des contenus dans le backend.<br \/>\nAucun traitement des donn\u00e9es personnelles des visiteurs n\u2019a lieu.<\/p>\n<h4>5.4 UpdraftPlus \u2013 Sauvegardes<\/h4>\n<p>UpdraftPlus est utilis\u00e9 pour la sauvegarde r\u00e9guli\u00e8re du site web.<br \/>\nLes sauvegardes servent exclusivement \u00e0 la restauration en cas d\u2019erreur et ne sont pas utilis\u00e9es pour l\u2019\u00e9valuation des donn\u00e9es des visiteurs.<\/p>\n<h4>5.5 Akismet Anti-Spam<\/h4>\n<p>Akismet est utilis\u00e9 pour la d\u00e9tection de spam.<br \/>\nLes donn\u00e9es suivantes peuvent \u00eatre transmises aux serveurs du fournisseur\u00a0:<br \/>\nAdresse IP, informations sur le navigateur, contenus du formulaire.<br \/>\nLe traitement a lieu sur la base de l\u2019art. 6, al. 1, let. a ou f du RGPD.<br \/>\nSi aucun formulaire ou commentaire n\u2019est utilis\u00e9, aucune transmission de donn\u00e9es n\u2019a lieu.<\/p>\n<h4>5.6 SVG Support<\/h4>\n<p>Cette extension permet de t\u00e9l\u00e9charger et d\u2019afficher des fichiers SVG.<br \/>\nAucun traitement de donn\u00e9es personnelles n\u2019a lieu.<\/p>\n<h4>5.7 Big File Uploads<\/h4>\n<p>Augmente la taille maximale de t\u00e9l\u00e9chargement dans le backend de WordPress.<br \/>\nAucune donn\u00e9e personnelle des visiteurs n\u2019est trait\u00e9e.<\/p>\n<h4>5.8 Yoast SEO et Yoast Duplicate Post<\/h4>\n<p>Yoast SEO prend en charge l\u2019optimisation du site web pour les moteurs de recherche.<br \/>\nYoast Duplicate Post sert exclusivement \u00e0 la gestion interne des contenus.<br \/>\nAucun traitement des donn\u00e9es personnelles des visiteurs n\u2019a lieu.<\/p>\n<h4>5.9 Int\u00e9gration de vid\u00e9os (Wistia)<\/h4>\n<p>Notre site Internet int\u00e8gre des vid\u00e9os du service <strong>Wistia<\/strong>.<br \/>\nLe fournisseur est Wistia, Inc., 17 Tudor Street, Cambridge, MA 02139, \u00c9tats-Unis.<\/p>\n<p>Lors de la consultation d\u2019une page contenant une vid\u00e9o Wistia int\u00e9gr\u00e9e, une connexion est \u00e9tablie avec les serveurs de Wistia.<br \/>\nLes donn\u00e9es personnelles suivantes peuvent notamment \u00eatre trait\u00e9es :<\/p>\n<ul>\n<li>Adresse IP<\/li>\n<li>Date et heure d\u2019acc\u00e8s<\/li>\n<li>Informations sur le navigateur et l\u2019appareil<\/li>\n<li>URL de provenance (referrer)<\/li>\n<li>Donn\u00e9es d\u2019utilisation (par exemple comportement de lecture, interactions)<\/li>\n<li>Le cas \u00e9ch\u00e9ant, cookies ou technologies similaires<\/li>\n<\/ul>\n<p>Le traitement des donn\u00e9es peut \u00e9galement avoir lieu aux \u00c9tats-Unis. Les \u00c9tats-Unis ne disposent pas d\u2019un niveau de protection des donn\u00e9es \u00e9quivalent \u00e0 celui de l\u2019Union europ\u00e9enne.<br \/>\nWistia utilise les clauses contractuelles types approuv\u00e9es par la Commission europ\u00e9enne afin de garantir un niveau ad\u00e9quat de protection des donn\u00e9es.<\/p>\n<p>L\u2019int\u00e9gration de Wistia s\u2019effectue exclusivement apr\u00e8s votre consentement explicite via notre outil de gestion des cookies<br \/>\n<strong>Borlabs Cookie<\/strong>, conform\u00e9ment \u00e0 l\u2019article 6, paragraphe 1, point a du RGPD.<\/p>\n<p>Vous trouverez de plus amples informations sur le traitement des donn\u00e9es par Wistia dans sa politique de confidentialit\u00e9 :<br \/>\n<a href=\"https:\/\/wistia.com\/privacy\" target=\"_blank\" rel=\"noopener\">https:\/\/wistia.com\/privacy<\/a><\/p>\n<h3>6. Google Analytics<\/h3>\n<p>Notre site web pr\u00e9voit l\u2019utilisation de <strong>Google Analytics\u00a04<\/strong>, un service d\u2019analyse web de Google Ireland Limited, Gordon House, Barrow Street, Dublin\u00a04, Irlande.<\/p>\n<p>Google Analytics utilise des cookies qui permettent d\u2019analyser l\u2019utilisation du site web.<br \/>\nL\u2019adresse IP est trait\u00e9e de mani\u00e8re anonymis\u00e9e.<\/p>\n<p>Le traitement a lieu exclusivement apr\u00e8s votre consentement explicite conform\u00e9ment \u00e0 l\u2019art. 6, al. 1, let. a du RGPD.<br \/>\nLe consentement est obtenu via l\u2019outil de consentement aux cookies Borlabs Cookie et peut \u00eatre r\u00e9voqu\u00e9 \u00e0 tout moment.<\/p>\n<hr \/>\n<h3>7. Prise de contact<\/h3>\n<p>Lors d\u2019une prise de contact par e-mail, nous traitons vos donn\u00e9es exclusivement pour le traitement de votre demande.<br \/>\nLes donn\u00e9es ne sont pas transmises sans votre consentement.<br \/>\nLa base juridique est l\u2019art. 6, al. 1, let. b du RGPD.<\/p>\n<hr \/>\n<h3>8. Droits des personnes concern\u00e9es<\/h3>\n<p>Vous disposez des droits suivants conform\u00e9ment au RGPD\u00a0:<\/p>\n<ul>\n<li>Droit d\u2019acc\u00e8s aux donn\u00e9es enregistr\u00e9es<\/li>\n<li>Droit de rectification des donn\u00e9es incorrectes<\/li>\n<li>Droit \u00e0 l\u2019effacement<\/li>\n<li>Droit \u00e0 la limitation du traitement<\/li>\n<li>Droit \u00e0 la portabilit\u00e9 des donn\u00e9es<\/li>\n<li>Droit d\u2019opposition au traitement<\/li>\n<\/ul>\n<p>Veuillez adresser vos demandes \u00e0\u00a0: info(at)cetaq.com<\/p>\n<hr \/>\n<h3>9. S\u00e9curit\u00e9 des donn\u00e9es<\/h3>\n<p>Nous mettons en \u0153uvre des mesures techniques et organisationnelles appropri\u00e9es pour prot\u00e9ger vos donn\u00e9es contre la perte, l\u2019abus et l\u2019acc\u00e8s non autoris\u00e9.<\/p>\n<h3>10. Mise \u00e0 jour<\/h3>\n<p>Cette d\u00e9claration de confidentialit\u00e9 est adapt\u00e9e en cas de modifications des exigences l\u00e9gales ou des d\u00e9veloppements techniques.<br \/>\nDate\u00a0: 12.01.2026<\/p>\n<\/div><\/div><\/div><\/div><\/div>\n","protected":false},"excerpt":{"rendered":"","protected":false},"author":1,"featured_media":0,"parent":0,"menu_order":0,"comment_status":"closed","ping_status":"open","template":"","meta":{"_acf_changed":false,"inline_featured_image":false,"footnotes":""},"class_list":["post-8053","page","type-page","status-publish","hentry"],"acf":[],"yoast_head":"<!-- This site is optimized with the Yoast SEO plugin v27.3 - https:\/\/yoast.com\/product\/yoast-seo-wordpress\/ -->\n<title>D\u00e9claration de confidentialit\u00e9 - CeTaQ \u2013 Analyse de la capacit\u00e9 des processus et des machines dans la fabrication SMT<\/title>\n<meta name=\"robots\" content=\"noindex, follow, max-snippet:-1, max-image-preview:large, max-video-preview:-1\" \/>\n<meta property=\"og:locale\" content=\"fr_FR\" \/>\n<meta property=\"og:type\" content=\"article\" \/>\n<meta property=\"og:title\" content=\"D\u00e9claration de confidentialit\u00e9 - CeTaQ \u2013 Analyse de la capacit\u00e9 des processus et des machines dans la fabrication SMT\" \/>\n<meta property=\"og:url\" content=\"https:\/\/cetaq.com\/fr\/declaration-de-confidentialite\/\" \/>\n<meta property=\"og:site_name\" content=\"CeTaQ \u2013 Analyse de la capacit\u00e9 des processus et des machines dans la fabrication SMT\" \/>\n<meta property=\"article:modified_time\" content=\"2026-01-16T12:34:11+00:00\" \/>\n<meta property=\"og:image\" content=\"https:\/\/cetaq.com\/wp-content\/uploads\/2026\/01\/2_Persons_service_l.jpg\" \/>\n\t<meta property=\"og:image:width\" content=\"1200\" \/>\n\t<meta property=\"og:image:height\" content=\"675\" \/>\n\t<meta property=\"og:image:type\" content=\"image\/jpeg\" \/>\n<meta name=\"twitter:card\" content=\"summary_large_image\" \/>\n<meta name=\"twitter:label1\" content=\"Dur\u00e9e de lecture estim\u00e9e\" \/>\n\t<meta name=\"twitter:data1\" content=\"4 minutes\" \/>\n<script type=\"application\/ld+json\" class=\"yoast-schema-graph\">{\"@context\":\"https:\\\/\\\/schema.org\",\"@graph\":[{\"@type\":\"WebPage\",\"@id\":\"https:\\\/\\\/cetaq.com\\\/fr\\\/declaration-de-confidentialite\\\/\",\"url\":\"https:\\\/\\\/cetaq.com\\\/fr\\\/declaration-de-confidentialite\\\/\",\"name\":\"D\u00e9claration de confidentialit\u00e9 - CeTaQ \u2013 Analyse de la capacit\u00e9 des processus et des machines dans la fabrication SMT\",\"isPartOf\":{\"@id\":\"https:\\\/\\\/cetaq.com\\\/fr\\\/#website\"},\"datePublished\":\"2025-08-07T01:34:26+00:00\",\"dateModified\":\"2026-01-16T12:34:11+00:00\",\"breadcrumb\":{\"@id\":\"https:\\\/\\\/cetaq.com\\\/fr\\\/declaration-de-confidentialite\\\/#breadcrumb\"},\"inLanguage\":\"fr-FR\",\"potentialAction\":[{\"@type\":\"ReadAction\",\"target\":[\"https:\\\/\\\/cetaq.com\\\/fr\\\/declaration-de-confidentialite\\\/\"]}]},{\"@type\":\"BreadcrumbList\",\"@id\":\"https:\\\/\\\/cetaq.com\\\/fr\\\/declaration-de-confidentialite\\\/#breadcrumb\",\"itemListElement\":[{\"@type\":\"ListItem\",\"position\":1,\"name\":\"Startseite\",\"item\":\"https:\\\/\\\/cetaq.com\\\/fr\\\/\"},{\"@type\":\"ListItem\",\"position\":2,\"name\":\"D\u00e9claration de confidentialit\u00e9\"}]},{\"@type\":\"WebSite\",\"@id\":\"https:\\\/\\\/cetaq.com\\\/fr\\\/#website\",\"url\":\"https:\\\/\\\/cetaq.com\\\/fr\\\/\",\"name\":\"CeTaQ \u2013 \u8fc7\u7a0b\u80fd\u529b\u4e0e\u673a\u5668\u80fd\u529b\u5206\u6790\u5728SMT\u5236\u9020\u4e2d\",\"description\":\"Reliable measurement systems &amp; software for precise analysis and sustainable process optimization worldwide.\",\"publisher\":{\"@id\":\"https:\\\/\\\/cetaq.com\\\/fr\\\/#organization\"},\"potentialAction\":[{\"@type\":\"SearchAction\",\"target\":{\"@type\":\"EntryPoint\",\"urlTemplate\":\"https:\\\/\\\/cetaq.com\\\/fr\\\/?s={search_term_string}\"},\"query-input\":{\"@type\":\"PropertyValueSpecification\",\"valueRequired\":true,\"valueName\":\"search_term_string\"}}],\"inLanguage\":\"fr-FR\"},{\"@type\":\"Organization\",\"@id\":\"https:\\\/\\\/cetaq.com\\\/fr\\\/#organization\",\"name\":\"CeTaQ \u2013 Process Capability & Machine Capability Analysis in SMT Manufacturing\",\"alternateName\":\"Reliable measurement systems & software for precise analysis and sustainable process optimization worldwide.\",\"url\":\"https:\\\/\\\/cetaq.com\\\/fr\\\/\",\"logo\":{\"@type\":\"ImageObject\",\"inLanguage\":\"fr-FR\",\"@id\":\"https:\\\/\\\/cetaq.com\\\/fr\\\/#\\\/schema\\\/logo\\\/image\\\/\",\"url\":\"https:\\\/\\\/cetaq.com\\\/wp-content\\\/uploads\\\/2025\\\/08\\\/logo-5.png\",\"contentUrl\":\"https:\\\/\\\/cetaq.com\\\/wp-content\\\/uploads\\\/2025\\\/08\\\/logo-5.png\",\"width\":340,\"height\":260,\"caption\":\"CeTaQ \u2013 Process Capability & Machine Capability Analysis in SMT Manufacturing\"},\"image\":{\"@id\":\"https:\\\/\\\/cetaq.com\\\/fr\\\/#\\\/schema\\\/logo\\\/image\\\/\"}}]}<\/script>\n<!-- \/ Yoast SEO plugin. -->","yoast_head_json":{"title":"D\u00e9claration de confidentialit\u00e9 - CeTaQ \u2013 Analyse de la capacit\u00e9 des processus et des machines dans la fabrication SMT","robots":{"index":"noindex","follow":"follow","max-snippet":"max-snippet:-1","max-image-preview":"max-image-preview:large","max-video-preview":"max-video-preview:-1"},"og_locale":"fr_FR","og_type":"article","og_title":"D\u00e9claration de confidentialit\u00e9 - CeTaQ \u2013 Analyse de la capacit\u00e9 des processus et des machines dans la fabrication SMT","og_url":"https:\/\/cetaq.com\/fr\/declaration-de-confidentialite\/","og_site_name":"CeTaQ \u2013 Analyse de la capacit\u00e9 des processus et des machines dans la fabrication SMT","article_modified_time":"2026-01-16T12:34:11+00:00","og_image":[{"width":1200,"height":675,"url":"https:\/\/cetaq.com\/wp-content\/uploads\/2026\/01\/2_Persons_service_l.jpg","type":"image\/jpeg"}],"twitter_card":"summary_large_image","twitter_misc":{"Dur\u00e9e de lecture estim\u00e9e":"4 minutes"},"schema":{"@context":"https:\/\/schema.org","@graph":[{"@type":"WebPage","@id":"https:\/\/cetaq.com\/fr\/declaration-de-confidentialite\/","url":"https:\/\/cetaq.com\/fr\/declaration-de-confidentialite\/","name":"D\u00e9claration de confidentialit\u00e9 - CeTaQ \u2013 Analyse de la capacit\u00e9 des processus et des machines dans la fabrication SMT","isPartOf":{"@id":"https:\/\/cetaq.com\/fr\/#website"},"datePublished":"2025-08-07T01:34:26+00:00","dateModified":"2026-01-16T12:34:11+00:00","breadcrumb":{"@id":"https:\/\/cetaq.com\/fr\/declaration-de-confidentialite\/#breadcrumb"},"inLanguage":"fr-FR","potentialAction":[{"@type":"ReadAction","target":["https:\/\/cetaq.com\/fr\/declaration-de-confidentialite\/"]}]},{"@type":"BreadcrumbList","@id":"https:\/\/cetaq.com\/fr\/declaration-de-confidentialite\/#breadcrumb","itemListElement":[{"@type":"ListItem","position":1,"name":"Startseite","item":"https:\/\/cetaq.com\/fr\/"},{"@type":"ListItem","position":2,"name":"D\u00e9claration de confidentialit\u00e9"}]},{"@type":"WebSite","@id":"https:\/\/cetaq.com\/fr\/#website","url":"https:\/\/cetaq.com\/fr\/","name":"CeTaQ \u2013 \u8fc7\u7a0b\u80fd\u529b\u4e0e\u673a\u5668\u80fd\u529b\u5206\u6790\u5728SMT\u5236\u9020\u4e2d","description":"Reliable measurement systems &amp; software for precise analysis and sustainable process optimization worldwide.","publisher":{"@id":"https:\/\/cetaq.com\/fr\/#organization"},"potentialAction":[{"@type":"SearchAction","target":{"@type":"EntryPoint","urlTemplate":"https:\/\/cetaq.com\/fr\/?s={search_term_string}"},"query-input":{"@type":"PropertyValueSpecification","valueRequired":true,"valueName":"search_term_string"}}],"inLanguage":"fr-FR"},{"@type":"Organization","@id":"https:\/\/cetaq.com\/fr\/#organization","name":"CeTaQ \u2013 Process Capability & Machine Capability Analysis in SMT Manufacturing","alternateName":"Reliable measurement systems & software for precise analysis and sustainable process optimization worldwide.","url":"https:\/\/cetaq.com\/fr\/","logo":{"@type":"ImageObject","inLanguage":"fr-FR","@id":"https:\/\/cetaq.com\/fr\/#\/schema\/logo\/image\/","url":"https:\/\/cetaq.com\/wp-content\/uploads\/2025\/08\/logo-5.png","contentUrl":"https:\/\/cetaq.com\/wp-content\/uploads\/2025\/08\/logo-5.png","width":340,"height":260,"caption":"CeTaQ \u2013 Process Capability & Machine Capability Analysis in SMT Manufacturing"},"image":{"@id":"https:\/\/cetaq.com\/fr\/#\/schema\/logo\/image\/"}}]}},"_links":{"self":[{"href":"https:\/\/cetaq.com\/fr\/wp-json\/wp\/v2\/pages\/8053","targetHints":{"allow":["GET"]}}],"collection":[{"href":"https:\/\/cetaq.com\/fr\/wp-json\/wp\/v2\/pages"}],"about":[{"href":"https:\/\/cetaq.com\/fr\/wp-json\/wp\/v2\/types\/page"}],"author":[{"embeddable":true,"href":"https:\/\/cetaq.com\/fr\/wp-json\/wp\/v2\/users\/1"}],"replies":[{"embeddable":true,"href":"https:\/\/cetaq.com\/fr\/wp-json\/wp\/v2\/comments?post=8053"}],"version-history":[{"count":5,"href":"https:\/\/cetaq.com\/fr\/wp-json\/wp\/v2\/pages\/8053\/revisions"}],"predecessor-version":[{"id":8242,"href":"https:\/\/cetaq.com\/fr\/wp-json\/wp\/v2\/pages\/8053\/revisions\/8242"}],"wp:attachment":[{"href":"https:\/\/cetaq.com\/fr\/wp-json\/wp\/v2\/media?parent=8053"}],"curies":[{"name":"wp","href":"https:\/\/api.w.org\/{rel}","templated":true}]}}