{"id":7691,"date":"2025-08-08T03:46:59","date_gmt":"2025-08-08T01:46:59","guid":{"rendered":"https:\/\/peter.cetaq.de\/mentions-legales\/"},"modified":"2025-12-04T12:27:49","modified_gmt":"2025-12-04T11:27:49","slug":"mentions-legales","status":"publish","type":"page","link":"https:\/\/cetaq.com\/fr\/mentions-legales\/","title":{"rendered":"Mentions l\u00e9gales"},"content":{"rendered":"<div class=\"fusion-fullwidth fullwidth-box fusion-builder-row-1 fusion-flex-container has-pattern-background has-mask-background nonhundred-percent-fullwidth non-hundred-percent-height-scrolling\" style=\"--awb-border-radius-top-left:0px;--awb-border-radius-top-right:0px;--awb-border-radius-bottom-right:0px;--awb-border-radius-bottom-left:0px;--awb-margin-top:96px;--awb-margin-bottom:96px;--awb-flex-wrap:wrap;\" ><div class=\"fusion-builder-row fusion-row fusion-flex-align-items-flex-start fusion-flex-content-wrap\" style=\"max-width:1256.6px;margin-left: calc(-3% \/ 2 );margin-right: calc(-3% \/ 2 );\"><div class=\"fusion-layout-column fusion_builder_column fusion-builder-column-0 fusion_builder_column_1_1 1_1 fusion-flex-column\" style=\"--awb-bg-size:cover;--awb-width-large:100%;--awb-spacing-right-large:1.455%;--awb-margin-bottom-large:0px;--awb-spacing-left-large:1.455%;--awb-width-medium:100%;--awb-order-medium:0;--awb-spacing-right-medium:1.455%;--awb-spacing-left-medium:1.455%;--awb-width-small:100%;--awb-order-small:0;--awb-spacing-right-small:1.455%;--awb-spacing-left-small:1.455%;\"><div class=\"fusion-column-wrapper fusion-column-has-shadow fusion-flex-justify-content-flex-start fusion-content-layout-column\"><div class=\"fusion-text fusion-text-1\"><h3>Informations conform\u00e9ment au \u00a7 5 TMG :<\/h3>\n<p><strong>Adresse<\/strong><br \/>\nCeTaQ GmbH<br \/>\nAm Promigberg 1<br \/>\n01108 Dresden<br \/>\nAllemagne<\/p>\n<p><strong>Inscrit au registre du commerce B<\/strong><br \/>\nTribunal de district de Dresde : HRB 13180<\/p>\n<p><strong>Directeurs :<\/strong><br \/>\nDipl.-Ing. Heiko Haupt<br \/>\nDr.-Ing. Mathias Keil<\/p>\n<p>\u200b<strong>Num\u00e9ro d&rsquo;identification de taxe sur le chiffre d&rsquo;affaires conform\u00e9ment au \u00a727 a de la loi sur la taxe sur le chiffre d&rsquo;affaires<\/strong><br \/>\nNum\u00e9ro de TVA : DE 812043902<\/p>\n<p>\u200b<strong>Contact<\/strong><br \/>\nT\u00e9l\u00e9phone : +49 (0)351- 426607-60<br \/>\nT\u00e9l\u00e9copie : +49 (0)351 &#8211; 436607-79<br \/>\nE-mail : info(at)cetaq.com<\/p>\n<p><strong>R\u00e9dacteur responsable<\/strong><\/p>\n<p>Heiko Haupt<\/p>\n<hr>\n<p>\u200b<\/p>\n<h2>Exclusion de responsabilit\u00e9 (Disclaimer)<\/h2>\n<h3>Responsabilit\u00e9 pour le contenu<\/h3>\n<p>En tant que prestataire de services, nous sommes responsables de nos propres contenus sur ces pages conform\u00e9ment au \u00a7 7 alin\u00e9a 1 de la TMG et aux lois g\u00e9n\u00e9rales. Conform\u00e9ment aux \u00a7\u00a7 8 \u00e0 10 de la TMG, nous ne sommes toutefois pas tenus, en tant que prestataire de services, de surveiller les informations externes transmises ou stock\u00e9es, ni de rechercher les circonstances qui indiquent une activit\u00e9 ill\u00e9gale. Les obligations de supprimer ou de bloquer l&rsquo;utilisation d&rsquo;informations conform\u00e9ment aux lois g\u00e9n\u00e9rales n&rsquo;en sont pas affect\u00e9es. Toutefois, la responsabilit\u00e9 \u00e0 cet \u00e9gard n&rsquo;est possible qu&rsquo;\u00e0 partir du moment o\u00f9 l&rsquo;on a connaissance d&rsquo;une violation concr\u00e8te de la loi. D\u00e8s que nous aurons connaissance de telles violations de la loi, nous supprimerons imm\u00e9diatement ces contenus.     <\/p>\n<h3>Responsabilit\u00e9 pour les liens<\/h3>\n<p>Notre offre contient des liens vers des sites web externes de tiers sur le contenu desquels nous n&rsquo;avons aucune influence. Par cons\u00e9quent, nous ne pouvons assumer aucune responsabilit\u00e9 pour ces contenus externes. Le fournisseur ou l&rsquo;exploitant respectif des pages est toujours responsable du contenu des pages li\u00e9es. Les pages li\u00e9es ont \u00e9t\u00e9 v\u00e9rifi\u00e9es au moment de la cr\u00e9ation du lien afin de d\u00e9tecter d&rsquo;\u00e9ventuelles violations de la loi. Les contenus ill\u00e9gaux n&rsquo;\u00e9taient pas reconnaissables au moment de la cr\u00e9ation du lien. Toutefois, un contr\u00f4le permanent du contenu des pages li\u00e9es n&rsquo;est pas raisonnable sans indication concr\u00e8te d&rsquo;une violation de la loi. D\u00e8s que nous aurons connaissance de violations de la loi, nous supprimerons imm\u00e9diatement ces liens.      <\/p>\n<h3>Droit d&rsquo;auteur<\/h3>\n<p>Les contenus et \u0153uvres cr\u00e9\u00e9s par les exploitants du site sur ces pages sont soumis au droit d&rsquo;auteur allemand. La reproduction, le traitement, la distribution et toute forme d&rsquo;exploitation en dehors des limites du droit d&rsquo;auteur n\u00e9cessitent l&rsquo;accord \u00e9crit de l&rsquo;auteur ou du cr\u00e9ateur respectif. Les t\u00e9l\u00e9chargements et copies de cette page ne sont autoris\u00e9s que pour un usage priv\u00e9 et non commercial. Dans la mesure o\u00f9 les contenus de cette page n&rsquo;ont pas \u00e9t\u00e9 cr\u00e9\u00e9s par l&rsquo;exploitant, les droits d&rsquo;auteur de tiers sont respect\u00e9s. En particulier, les contenus de tiers sont signal\u00e9s comme tels. Si vous remarquez n\u00e9anmoins une violation du droit d&rsquo;auteur, veuillez nous en informer. D\u00e8s que nous aurons connaissance de violations de la loi, nous supprimerons imm\u00e9diatement ces contenus.      <\/p>\n<p>Source : eRecht24<\/p>\n<\/div><\/div><\/div><\/div><\/div>\n","protected":false},"excerpt":{"rendered":"","protected":false},"author":1,"featured_media":0,"parent":0,"menu_order":0,"comment_status":"closed","ping_status":"closed","template":"100-width.php","meta":{"_acf_changed":false,"inline_featured_image":false,"footnotes":""},"class_list":["post-7691","page","type-page","status-publish","hentry"],"acf":[],"yoast_head":"<!-- This site is optimized with the Yoast SEO plugin v27.3 - https:\/\/yoast.com\/product\/yoast-seo-wordpress\/ -->\n<title>Mentions l\u00e9gales - CeTaQ \u2013 Analyse de la capacit\u00e9 des processus et des machines dans la fabrication SMT<\/title>\n<meta name=\"robots\" content=\"noindex, follow, max-snippet:-1, max-image-preview:large, max-video-preview:-1\" \/>\n<meta property=\"og:locale\" content=\"fr_FR\" \/>\n<meta property=\"og:type\" content=\"article\" \/>\n<meta property=\"og:title\" content=\"Mentions l\u00e9gales - CeTaQ \u2013 Analyse de la capacit\u00e9 des processus et des machines dans la fabrication SMT\" \/>\n<meta property=\"og:url\" content=\"https:\/\/cetaq.com\/fr\/mentions-legales\/\" \/>\n<meta property=\"og:site_name\" content=\"CeTaQ \u2013 Analyse de la capacit\u00e9 des processus et des machines dans la fabrication SMT\" \/>\n<meta property=\"article:modified_time\" content=\"2025-12-04T11:27:49+00:00\" \/>\n<meta property=\"og:image\" content=\"https:\/\/cetaq.com\/wp-content\/uploads\/2026\/01\/2_Persons_service_l.jpg\" \/>\n\t<meta property=\"og:image:width\" content=\"1200\" \/>\n\t<meta property=\"og:image:height\" content=\"675\" \/>\n\t<meta property=\"og:image:type\" content=\"image\/jpeg\" \/>\n<meta name=\"twitter:card\" content=\"summary_large_image\" \/>\n<meta name=\"twitter:label1\" content=\"Dur\u00e9e de lecture estim\u00e9e\" \/>\n\t<meta name=\"twitter:data1\" content=\"6 minutes\" \/>\n<script type=\"application\/ld+json\" class=\"yoast-schema-graph\">{\"@context\":\"https:\\\/\\\/schema.org\",\"@graph\":[{\"@type\":\"WebPage\",\"@id\":\"https:\\\/\\\/cetaq.com\\\/fr\\\/mentions-legales\\\/\",\"url\":\"https:\\\/\\\/cetaq.com\\\/fr\\\/mentions-legales\\\/\",\"name\":\"Mentions l\u00e9gales - CeTaQ \u2013 Analyse de la capacit\u00e9 des processus et des machines dans la fabrication SMT\",\"isPartOf\":{\"@id\":\"https:\\\/\\\/cetaq.com\\\/fr\\\/#website\"},\"datePublished\":\"2025-08-08T01:46:59+00:00\",\"dateModified\":\"2025-12-04T11:27:49+00:00\",\"breadcrumb\":{\"@id\":\"https:\\\/\\\/cetaq.com\\\/fr\\\/mentions-legales\\\/#breadcrumb\"},\"inLanguage\":\"fr-FR\",\"potentialAction\":[{\"@type\":\"ReadAction\",\"target\":[\"https:\\\/\\\/cetaq.com\\\/fr\\\/mentions-legales\\\/\"]}]},{\"@type\":\"BreadcrumbList\",\"@id\":\"https:\\\/\\\/cetaq.com\\\/fr\\\/mentions-legales\\\/#breadcrumb\",\"itemListElement\":[{\"@type\":\"ListItem\",\"position\":1,\"name\":\"Startseite\",\"item\":\"https:\\\/\\\/cetaq.com\\\/fr\\\/\"},{\"@type\":\"ListItem\",\"position\":2,\"name\":\"Mentions l\u00e9gales\"}]},{\"@type\":\"WebSite\",\"@id\":\"https:\\\/\\\/cetaq.com\\\/fr\\\/#website\",\"url\":\"https:\\\/\\\/cetaq.com\\\/fr\\\/\",\"name\":\"CeTaQ \u2013 \u8fc7\u7a0b\u80fd\u529b\u4e0e\u673a\u5668\u80fd\u529b\u5206\u6790\u5728SMT\u5236\u9020\u4e2d\",\"description\":\"Reliable measurement systems &amp; software for precise analysis and sustainable process optimization worldwide.\",\"publisher\":{\"@id\":\"https:\\\/\\\/cetaq.com\\\/fr\\\/#organization\"},\"potentialAction\":[{\"@type\":\"SearchAction\",\"target\":{\"@type\":\"EntryPoint\",\"urlTemplate\":\"https:\\\/\\\/cetaq.com\\\/fr\\\/?s={search_term_string}\"},\"query-input\":{\"@type\":\"PropertyValueSpecification\",\"valueRequired\":true,\"valueName\":\"search_term_string\"}}],\"inLanguage\":\"fr-FR\"},{\"@type\":\"Organization\",\"@id\":\"https:\\\/\\\/cetaq.com\\\/fr\\\/#organization\",\"name\":\"CeTaQ \u2013 Process Capability & Machine Capability Analysis in SMT Manufacturing\",\"alternateName\":\"Reliable measurement systems & software for precise analysis and sustainable process optimization worldwide.\",\"url\":\"https:\\\/\\\/cetaq.com\\\/fr\\\/\",\"logo\":{\"@type\":\"ImageObject\",\"inLanguage\":\"fr-FR\",\"@id\":\"https:\\\/\\\/cetaq.com\\\/fr\\\/#\\\/schema\\\/logo\\\/image\\\/\",\"url\":\"https:\\\/\\\/cetaq.com\\\/wp-content\\\/uploads\\\/2025\\\/08\\\/logo-5.png\",\"contentUrl\":\"https:\\\/\\\/cetaq.com\\\/wp-content\\\/uploads\\\/2025\\\/08\\\/logo-5.png\",\"width\":340,\"height\":260,\"caption\":\"CeTaQ \u2013 Process Capability & Machine Capability Analysis in SMT Manufacturing\"},\"image\":{\"@id\":\"https:\\\/\\\/cetaq.com\\\/fr\\\/#\\\/schema\\\/logo\\\/image\\\/\"}}]}<\/script>\n<!-- \/ Yoast SEO plugin. -->","yoast_head_json":{"title":"Mentions l\u00e9gales - CeTaQ \u2013 Analyse de la capacit\u00e9 des processus et des machines dans la fabrication SMT","robots":{"index":"noindex","follow":"follow","max-snippet":"max-snippet:-1","max-image-preview":"max-image-preview:large","max-video-preview":"max-video-preview:-1"},"og_locale":"fr_FR","og_type":"article","og_title":"Mentions l\u00e9gales - CeTaQ \u2013 Analyse de la capacit\u00e9 des processus et des machines dans la fabrication SMT","og_url":"https:\/\/cetaq.com\/fr\/mentions-legales\/","og_site_name":"CeTaQ \u2013 Analyse de la capacit\u00e9 des processus et des machines dans la fabrication SMT","article_modified_time":"2025-12-04T11:27:49+00:00","og_image":[{"width":1200,"height":675,"url":"https:\/\/cetaq.com\/wp-content\/uploads\/2026\/01\/2_Persons_service_l.jpg","type":"image\/jpeg"}],"twitter_card":"summary_large_image","twitter_misc":{"Dur\u00e9e de lecture estim\u00e9e":"6 minutes"},"schema":{"@context":"https:\/\/schema.org","@graph":[{"@type":"WebPage","@id":"https:\/\/cetaq.com\/fr\/mentions-legales\/","url":"https:\/\/cetaq.com\/fr\/mentions-legales\/","name":"Mentions l\u00e9gales - CeTaQ \u2013 Analyse de la capacit\u00e9 des processus et des machines dans la fabrication SMT","isPartOf":{"@id":"https:\/\/cetaq.com\/fr\/#website"},"datePublished":"2025-08-08T01:46:59+00:00","dateModified":"2025-12-04T11:27:49+00:00","breadcrumb":{"@id":"https:\/\/cetaq.com\/fr\/mentions-legales\/#breadcrumb"},"inLanguage":"fr-FR","potentialAction":[{"@type":"ReadAction","target":["https:\/\/cetaq.com\/fr\/mentions-legales\/"]}]},{"@type":"BreadcrumbList","@id":"https:\/\/cetaq.com\/fr\/mentions-legales\/#breadcrumb","itemListElement":[{"@type":"ListItem","position":1,"name":"Startseite","item":"https:\/\/cetaq.com\/fr\/"},{"@type":"ListItem","position":2,"name":"Mentions l\u00e9gales"}]},{"@type":"WebSite","@id":"https:\/\/cetaq.com\/fr\/#website","url":"https:\/\/cetaq.com\/fr\/","name":"CeTaQ \u2013 \u8fc7\u7a0b\u80fd\u529b\u4e0e\u673a\u5668\u80fd\u529b\u5206\u6790\u5728SMT\u5236\u9020\u4e2d","description":"Reliable measurement systems &amp; software for precise analysis and sustainable process optimization worldwide.","publisher":{"@id":"https:\/\/cetaq.com\/fr\/#organization"},"potentialAction":[{"@type":"SearchAction","target":{"@type":"EntryPoint","urlTemplate":"https:\/\/cetaq.com\/fr\/?s={search_term_string}"},"query-input":{"@type":"PropertyValueSpecification","valueRequired":true,"valueName":"search_term_string"}}],"inLanguage":"fr-FR"},{"@type":"Organization","@id":"https:\/\/cetaq.com\/fr\/#organization","name":"CeTaQ \u2013 Process Capability & Machine Capability Analysis in SMT Manufacturing","alternateName":"Reliable measurement systems & software for precise analysis and sustainable process optimization worldwide.","url":"https:\/\/cetaq.com\/fr\/","logo":{"@type":"ImageObject","inLanguage":"fr-FR","@id":"https:\/\/cetaq.com\/fr\/#\/schema\/logo\/image\/","url":"https:\/\/cetaq.com\/wp-content\/uploads\/2025\/08\/logo-5.png","contentUrl":"https:\/\/cetaq.com\/wp-content\/uploads\/2025\/08\/logo-5.png","width":340,"height":260,"caption":"CeTaQ \u2013 Process Capability & Machine Capability Analysis in SMT Manufacturing"},"image":{"@id":"https:\/\/cetaq.com\/fr\/#\/schema\/logo\/image\/"}}]}},"_links":{"self":[{"href":"https:\/\/cetaq.com\/fr\/wp-json\/wp\/v2\/pages\/7691","targetHints":{"allow":["GET"]}}],"collection":[{"href":"https:\/\/cetaq.com\/fr\/wp-json\/wp\/v2\/pages"}],"about":[{"href":"https:\/\/cetaq.com\/fr\/wp-json\/wp\/v2\/types\/page"}],"author":[{"embeddable":true,"href":"https:\/\/cetaq.com\/fr\/wp-json\/wp\/v2\/users\/1"}],"replies":[{"embeddable":true,"href":"https:\/\/cetaq.com\/fr\/wp-json\/wp\/v2\/comments?post=7691"}],"version-history":[{"count":4,"href":"https:\/\/cetaq.com\/fr\/wp-json\/wp\/v2\/pages\/7691\/revisions"}],"predecessor-version":[{"id":7701,"href":"https:\/\/cetaq.com\/fr\/wp-json\/wp\/v2\/pages\/7691\/revisions\/7701"}],"wp:attachment":[{"href":"https:\/\/cetaq.com\/fr\/wp-json\/wp\/v2\/media?parent=7691"}],"curies":[{"name":"wp","href":"https:\/\/api.w.org\/{rel}","templated":true}]}}