{"id":8047,"date":"2025-08-07T03:34:26","date_gmt":"2025-08-07T01:34:26","guid":{"rendered":"https:\/\/peter.cetaq.de\/politica-de-privacidad\/"},"modified":"2026-01-16T13:34:51","modified_gmt":"2026-01-16T12:34:51","slug":"politica-de-privacidad","status":"publish","type":"page","link":"https:\/\/cetaq.com\/es\/politica-de-privacidad\/","title":{"rendered":"Pol\u00edtica de privacidad"},"content":{"rendered":"<div class=\"fusion-fullwidth fullwidth-box fusion-builder-row-1 fusion-flex-container has-pattern-background has-mask-background nonhundred-percent-fullwidth non-hundred-percent-height-scrolling\" style=\"--awb-border-radius-top-left:0px;--awb-border-radius-top-right:0px;--awb-border-radius-bottom-right:0px;--awb-border-radius-bottom-left:0px;--awb-flex-wrap:wrap;\" ><div class=\"fusion-builder-row fusion-row fusion-flex-align-items-flex-start fusion-flex-content-wrap\" style=\"max-width:1256.6px;margin-left: calc(-3% \/ 2 );margin-right: calc(-3% \/ 2 );\"><div class=\"fusion-layout-column fusion_builder_column fusion-builder-column-0 fusion_builder_column_1_1 1_1 fusion-flex-column\" style=\"--awb-bg-size:cover;--awb-width-large:100%;--awb-margin-top-large:96px;--awb-spacing-right-large:1.455%;--awb-margin-bottom-large:96px;--awb-spacing-left-large:1.455%;--awb-width-medium:100%;--awb-order-medium:0;--awb-spacing-right-medium:1.455%;--awb-spacing-left-medium:1.455%;--awb-width-small:100%;--awb-order-small:0;--awb-spacing-right-small:1.455%;--awb-spacing-left-small:1.455%;\" data-scroll-devices=\"small-visibility,medium-visibility,large-visibility\"><div class=\"fusion-column-wrapper fusion-column-has-shadow fusion-flex-justify-content-flex-start fusion-content-layout-column\"><div class=\"fusion-text fusion-text-1\"><h3>1. Responsable<\/h3>\n<p><strong>CeTaQ GmbH<\/strong><br \/>\nAm Promigberg 1<br \/>\n01108 Dresde<br \/>\nAlemania<\/p>\n<p><strong>Director general:<\/strong><br \/>\nDipl.-Ing. Heiko Haupt<br \/>\nDr.-Ing. Mathias Keil<\/p>\n<p><strong>Contacto<\/strong><br \/>\nTel\u00e9fono: +49 (0)351 &#8211; 426607-60<br \/>\nFax: +49 (0)351 &#8211; 436607-79<br \/>\nCorreo electr\u00f3nico: info(at)cetaq.com<\/p>\n<p><strong>Redactor responsable<\/strong><br \/>\nHeiko Haupt<\/p>\n<hr \/>\n<h3>2. Informaci\u00f3n general sobre el procesamiento de datos<\/h3>\n<p>Procesamos los datos personales de las usuarias y los usuarios solo en la medida en que sea necesario para proporcionar un sitio web funcional, as\u00ed como nuestros contenidos y servicios.<br \/>\nEl procesamiento se realiza de acuerdo con las disposiciones del Reglamento General de Protecci\u00f3n de Datos (RGPD) y la Ley Federal de Protecci\u00f3n de Datos (BDSG).<\/p>\n<hr \/>\n<h3>3. Alojamiento y archivos de registro del servidor<\/h3>\n<p>Cuando visita nuestro sitio web, el proveedor de alojamiento recopila y guarda autom\u00e1ticamente informaci\u00f3n en los llamados archivos de registro del servidor.<\/p>\n<p>Estos datos incluyen:<\/p>\n<ul>\n<li>Direcci\u00f3n IP<\/li>\n<li>Tipo de navegador y versi\u00f3n del navegador<\/li>\n<li>Sistema operativo utilizado<\/li>\n<li>URL de referencia<\/li>\n<li>Fecha y hora del acceso<\/li>\n<li>P\u00e1ginas visitadas<\/li>\n<\/ul>\n<p>El procesamiento se realiza para garantizar un funcionamiento sin problemas del sitio web, as\u00ed como para mejorar la estabilidad y la seguridad.<br \/>\nLa base legal es el Art. 6, p\u00e1rrafo 1, letra f del RGPD.<\/p>\n<hr \/>\n<h3>4. Cookies y gesti\u00f3n del consentimiento<\/h3>\n<p>Nuestro sitio web utiliza cookies. Las cookies son peque\u00f1os archivos de texto que se guardan en su dispositivo y permiten determinadas funciones.<\/p>\n<p>Utilizamos el plugin <strong>Borlabs Cookie<\/strong> para gestionar sus consentimientos para el uso de cookies y servicios externos de acuerdo con la normativa de protecci\u00f3n de datos.<\/p>\n<ul>\n<li>Las cookies t\u00e9cnicamente necesarias se establecen sobre la base del Art. 6, p\u00e1rrafo 1, letra f del RGPD.<\/li>\n<li>Las cookies no necesarias (por ejemplo, para fines de an\u00e1lisis) solo se establecen con su consentimiento expreso de acuerdo con el Art. 6, p\u00e1rrafo 1, letra a del RGPD.<\/li>\n<\/ul>\n<p>Puede revocar o modificar su consentimiento en cualquier momento a trav\u00e9s de la configuraci\u00f3n de cookies.<\/p>\n<hr \/>\n<h3>5. Plugins y herramientas utilizados<\/h3>\n<p>Nuestro sitio web se basa en WordPress y utiliza varias extensiones. A continuaci\u00f3n, le informamos sobre los plugins relevantes y su evaluaci\u00f3n en materia de protecci\u00f3n de datos.<\/p>\n<h4>5.1 Tema Avada y Avada Builder<\/h4>\n<p>Para el dise\u00f1o y la presentaci\u00f3n del sitio web, utilizamos el tema de WordPress Avada, incluido Avada Builder.<br \/>\nNo se transmiten datos personales al fabricante ThemeFusion.<\/p>\n<h4>5.2 WPML \u2013 Multiling\u00fcismo<\/h4>\n<p>Utilizamos WPML Multilingual CMS, WPML String Translation y WPML SEO para proporcionar contenido multiling\u00fce.<br \/>\nWPML establece una cookie funcional para guardar el idioma elegido por el usuario.<br \/>\nNo se produce ninguna transferencia de datos al fabricante del plugin.<\/p>\n<h4>5.3 Advanced Custom Fields (ACF)<\/h4>\n<p>ACF se utiliza para la gesti\u00f3n estructurada de contenidos en el backend.<br \/>\nNo se procesan datos personales de los visitantes.<\/p>\n<h4>5.4 UpdraftPlus \u2013 Copias de seguridad<\/h4>\n<p>UpdraftPlus se utiliza para la copia de seguridad peri\u00f3dica del sitio web.<br \/>\nLas copias de seguridad sirven exclusivamente para la restauraci\u00f3n en caso de error y no se utilizan para el an\u00e1lisis de los datos de los visitantes.<\/p>\n<h4>5.5 Akismet Anti-Spam<\/h4>\n<p>Akismet se utiliza para la detecci\u00f3n de spam.<br \/>\nEn este proceso, se pueden transmitir los siguientes datos a los servidores del proveedor:<br \/>\nDirecci\u00f3n IP, informaci\u00f3n del navegador, contenidos del formulario.<br \/>\nEl procesamiento se realiza sobre la base del Art. 6, p\u00e1rrafo 1, letra a o f del RGPD.<br \/>\nSi no se utilizan formularios ni comentarios, no se produce ninguna transferencia de datos.<\/p>\n<h4>5.6 SVG Support<\/h4>\n<p>Este plugin permite la carga y visualizaci\u00f3n de archivos SVG.<br \/>\nNo se procesan datos personales.<\/p>\n<h4>5.7 Big File Uploads<\/h4>\n<p>Ampl\u00eda el tama\u00f1o m\u00e1ximo de carga en el backend de WordPress.<br \/>\nNo se procesan datos personales de los visitantes.<\/p>\n<h4>5.8 Yoast SEO &amp; Yoast Duplicate Post<\/h4>\n<p>Yoast SEO apoya la optimizaci\u00f3n del sitio web para los motores de b\u00fasqueda.<br \/>\nYoast Duplicate Post sirve exclusivamente para la gesti\u00f3n interna de contenidos.<br \/>\nNo se produce un procesamiento de datos personales de los visitantes.<\/p>\n<h4>5.9 Integraci\u00f3n de v\u00eddeos (Wistia)<\/h4>\n<p>Nuestro sitio web integra v\u00eddeos del servicio <strong>Wistia<\/strong>.<br \/>\nEl proveedor es Wistia, Inc., 17 Tudor Street, Cambridge, MA 02139, Estados Unidos.<\/p>\n<p>Al acceder a una p\u00e1gina con un v\u00eddeo de Wistia integrado, se establece una conexi\u00f3n con los servidores de Wistia.<br \/>\nEn particular, pueden procesarse los siguientes datos personales:<\/p>\n<ul>\n<li>Direcci\u00f3n IP<\/li>\n<li>Fecha y hora de acceso<\/li>\n<li>Informaci\u00f3n del navegador y del dispositivo<\/li>\n<li>URL de referencia<\/li>\n<li>Datos de uso (por ejemplo, comportamiento de reproducci\u00f3n, interacciones)<\/li>\n<li>Cookies u otras tecnolog\u00edas similares, en su caso<\/li>\n<\/ul>\n<p>El tratamiento de datos tambi\u00e9n puede tener lugar en los Estados Unidos. En EE. UU. no existe un nivel de protecci\u00f3n de datos comparable al de la Uni\u00f3n Europea.<br \/>\nWistia utiliza cl\u00e1usulas contractuales tipo aprobadas por la Comisi\u00f3n Europea para garantizar un nivel adecuado de protecci\u00f3n de datos.<\/p>\n<p>La integraci\u00f3n de Wistia se realiza exclusivamente tras su consentimiento expreso a trav\u00e9s de nuestro sistema de gesti\u00f3n de cookies<br \/>\n<strong>Borlabs Cookie<\/strong>, de conformidad con el art. 6, apdo. 1, letra a del RGPD.<\/p>\n<p>Para m\u00e1s informaci\u00f3n sobre el tratamiento de datos por parte de Wistia, consulte su pol\u00edtica de privacidad:<br \/>\n<a href=\"https:\/\/wistia.com\/privacy\" target=\"_blank\" rel=\"noopener\">https:\/\/wistia.com\/privacy<\/a><\/p>\n<h3>6. Google Analytics<\/h3>\n<p>Nuestro sitio web planea utilizar <strong>Google Analytics 4<\/strong>, un servicio de an\u00e1lisis web de Google Ireland Limited, Gordon House, Barrow Street, Dubl\u00edn 4, Irlanda.<\/p>\n<p>Google Analytics utiliza cookies que permiten un an\u00e1lisis del uso del sitio web.<br \/>\nLa direcci\u00f3n IP se procesa de forma an\u00f3nima.<\/p>\n<p>El procesamiento se realiza exclusivamente con su consentimiento expreso de acuerdo con el Art. 6, p\u00e1rrafo 1, letra a del RGPD.<br \/>\nEl consentimiento se obtiene a trav\u00e9s de la herramienta de consentimiento de cookies Borlabs Cookie y puede ser revocado en cualquier momento.<\/p>\n<hr \/>\n<h3>7. Toma de contacto<\/h3>\n<p>Si se pone en contacto con nosotros por correo electr\u00f3nico, procesaremos sus datos exclusivamente para tramitar su consulta.<br \/>\nLos datos no se transmitir\u00e1n a terceros sin su consentimiento.<br \/>\nLa base legal es el Art. 6, p\u00e1rrafo 1, letra b del RGPD.<\/p>\n<hr \/>\n<h3>8. Derechos de las personas afectadas<\/h3>\n<p>De acuerdo con el RGPD, usted tiene los siguientes derechos:<\/p>\n<ul>\n<li>Informaci\u00f3n sobre los datos guardados<\/li>\n<li>Rectificaci\u00f3n de datos incorrectos<\/li>\n<li>Supresi\u00f3n<\/li>\n<li>Limitaci\u00f3n del procesamiento<\/li>\n<li>Portabilidad de los datos<\/li>\n<li>Oposici\u00f3n al procesamiento<\/li>\n<\/ul>\n<p>Dirija sus consultas a: info(at)cetaq.com<\/p>\n<hr \/>\n<h3>9. Seguridad de los datos<\/h3>\n<p>Implementamos medidas t\u00e9cnicas y organizativas adecuadas para proteger sus datos contra la p\u00e9rdida, el uso indebido y el acceso no autorizado.<\/p>\n<h3>10. Actualizaci\u00f3n<\/h3>\n<p>Esta pol\u00edtica de privacidad se adaptar\u00e1 en caso de cambios en los requisitos legales o desarrollos t\u00e9cnicos.<br \/>\nFecha: 12.01.2026<\/p>\n<\/div><\/div><\/div><\/div><\/div>\n","protected":false},"excerpt":{"rendered":"","protected":false},"author":1,"featured_media":0,"parent":0,"menu_order":0,"comment_status":"closed","ping_status":"open","template":"","meta":{"_acf_changed":false,"inline_featured_image":false,"footnotes":""},"class_list":["post-8047","page","type-page","status-publish","hentry"],"acf":[],"yoast_head":"<!-- This site is optimized with the Yoast SEO plugin v27.3 - https:\/\/yoast.com\/product\/yoast-seo-wordpress\/ -->\n<title>Pol\u00edtica de privacidad - CeTaQ \u2013 An\u00e1lisis de la capacidad de procesos y de m\u00e1quinas en la fabricaci\u00f3n SMT<\/title>\n<meta name=\"robots\" content=\"noindex, follow, max-snippet:-1, max-image-preview:large, max-video-preview:-1\" \/>\n<meta property=\"og:locale\" content=\"es_ES\" \/>\n<meta property=\"og:type\" content=\"article\" \/>\n<meta property=\"og:title\" content=\"Pol\u00edtica de privacidad - CeTaQ \u2013 An\u00e1lisis de la capacidad de procesos y de m\u00e1quinas en la fabricaci\u00f3n SMT\" \/>\n<meta property=\"og:url\" content=\"https:\/\/cetaq.com\/es\/politica-de-privacidad\/\" \/>\n<meta property=\"og:site_name\" content=\"CeTaQ \u2013 An\u00e1lisis de la capacidad de procesos y de m\u00e1quinas en la fabricaci\u00f3n SMT\" \/>\n<meta property=\"article:modified_time\" content=\"2026-01-16T12:34:51+00:00\" \/>\n<meta property=\"og:image\" content=\"https:\/\/cetaq.com\/wp-content\/uploads\/2026\/01\/2_Persons_service_l.jpg\" \/>\n\t<meta property=\"og:image:width\" content=\"1200\" \/>\n\t<meta property=\"og:image:height\" content=\"675\" \/>\n\t<meta property=\"og:image:type\" content=\"image\/jpeg\" \/>\n<meta name=\"twitter:card\" content=\"summary_large_image\" \/>\n<meta name=\"twitter:label1\" content=\"Tiempo de lectura\" \/>\n\t<meta name=\"twitter:data1\" content=\"4 minutos\" \/>\n<script type=\"application\/ld+json\" class=\"yoast-schema-graph\">{\"@context\":\"https:\\\/\\\/schema.org\",\"@graph\":[{\"@type\":\"WebPage\",\"@id\":\"https:\\\/\\\/cetaq.com\\\/es\\\/politica-de-privacidad\\\/\",\"url\":\"https:\\\/\\\/cetaq.com\\\/es\\\/politica-de-privacidad\\\/\",\"name\":\"Pol\u00edtica de privacidad - CeTaQ \u2013 An\u00e1lisis de la capacidad de procesos y de m\u00e1quinas en la fabricaci\u00f3n SMT\",\"isPartOf\":{\"@id\":\"https:\\\/\\\/cetaq.com\\\/es\\\/#website\"},\"datePublished\":\"2025-08-07T01:34:26+00:00\",\"dateModified\":\"2026-01-16T12:34:51+00:00\",\"breadcrumb\":{\"@id\":\"https:\\\/\\\/cetaq.com\\\/es\\\/politica-de-privacidad\\\/#breadcrumb\"},\"inLanguage\":\"es\",\"potentialAction\":[{\"@type\":\"ReadAction\",\"target\":[\"https:\\\/\\\/cetaq.com\\\/es\\\/politica-de-privacidad\\\/\"]}]},{\"@type\":\"BreadcrumbList\",\"@id\":\"https:\\\/\\\/cetaq.com\\\/es\\\/politica-de-privacidad\\\/#breadcrumb\",\"itemListElement\":[{\"@type\":\"ListItem\",\"position\":1,\"name\":\"Startseite\",\"item\":\"https:\\\/\\\/cetaq.com\\\/es\\\/\"},{\"@type\":\"ListItem\",\"position\":2,\"name\":\"Pol\u00edtica de privacidad\"}]},{\"@type\":\"WebSite\",\"@id\":\"https:\\\/\\\/cetaq.com\\\/es\\\/#website\",\"url\":\"https:\\\/\\\/cetaq.com\\\/es\\\/\",\"name\":\"CeTaQ \u2013 \u8fc7\u7a0b\u80fd\u529b\u4e0e\u673a\u5668\u80fd\u529b\u5206\u6790\u5728SMT\u5236\u9020\u4e2d\",\"description\":\"Reliable measurement systems &amp; software for precise analysis and sustainable process optimization worldwide.\",\"publisher\":{\"@id\":\"https:\\\/\\\/cetaq.com\\\/es\\\/#organization\"},\"potentialAction\":[{\"@type\":\"SearchAction\",\"target\":{\"@type\":\"EntryPoint\",\"urlTemplate\":\"https:\\\/\\\/cetaq.com\\\/es\\\/?s={search_term_string}\"},\"query-input\":{\"@type\":\"PropertyValueSpecification\",\"valueRequired\":true,\"valueName\":\"search_term_string\"}}],\"inLanguage\":\"es\"},{\"@type\":\"Organization\",\"@id\":\"https:\\\/\\\/cetaq.com\\\/es\\\/#organization\",\"name\":\"CeTaQ \u2013 Process Capability & Machine Capability Analysis in SMT Manufacturing\",\"alternateName\":\"Reliable measurement systems & software for precise analysis and sustainable process optimization worldwide.\",\"url\":\"https:\\\/\\\/cetaq.com\\\/es\\\/\",\"logo\":{\"@type\":\"ImageObject\",\"inLanguage\":\"es\",\"@id\":\"https:\\\/\\\/cetaq.com\\\/es\\\/#\\\/schema\\\/logo\\\/image\\\/\",\"url\":\"https:\\\/\\\/cetaq.com\\\/wp-content\\\/uploads\\\/2025\\\/08\\\/logo-5.png\",\"contentUrl\":\"https:\\\/\\\/cetaq.com\\\/wp-content\\\/uploads\\\/2025\\\/08\\\/logo-5.png\",\"width\":340,\"height\":260,\"caption\":\"CeTaQ \u2013 Process Capability & Machine Capability Analysis in SMT Manufacturing\"},\"image\":{\"@id\":\"https:\\\/\\\/cetaq.com\\\/es\\\/#\\\/schema\\\/logo\\\/image\\\/\"}}]}<\/script>\n<!-- \/ Yoast SEO plugin. -->","yoast_head_json":{"title":"Pol\u00edtica de privacidad - CeTaQ \u2013 An\u00e1lisis de la capacidad de procesos y de m\u00e1quinas en la fabricaci\u00f3n SMT","robots":{"index":"noindex","follow":"follow","max-snippet":"max-snippet:-1","max-image-preview":"max-image-preview:large","max-video-preview":"max-video-preview:-1"},"og_locale":"es_ES","og_type":"article","og_title":"Pol\u00edtica de privacidad - CeTaQ \u2013 An\u00e1lisis de la capacidad de procesos y de m\u00e1quinas en la fabricaci\u00f3n SMT","og_url":"https:\/\/cetaq.com\/es\/politica-de-privacidad\/","og_site_name":"CeTaQ \u2013 An\u00e1lisis de la capacidad de procesos y de m\u00e1quinas en la fabricaci\u00f3n SMT","article_modified_time":"2026-01-16T12:34:51+00:00","og_image":[{"width":1200,"height":675,"url":"https:\/\/cetaq.com\/wp-content\/uploads\/2026\/01\/2_Persons_service_l.jpg","type":"image\/jpeg"}],"twitter_card":"summary_large_image","twitter_misc":{"Tiempo de lectura":"4 minutos"},"schema":{"@context":"https:\/\/schema.org","@graph":[{"@type":"WebPage","@id":"https:\/\/cetaq.com\/es\/politica-de-privacidad\/","url":"https:\/\/cetaq.com\/es\/politica-de-privacidad\/","name":"Pol\u00edtica de privacidad - CeTaQ \u2013 An\u00e1lisis de la capacidad de procesos y de m\u00e1quinas en la fabricaci\u00f3n SMT","isPartOf":{"@id":"https:\/\/cetaq.com\/es\/#website"},"datePublished":"2025-08-07T01:34:26+00:00","dateModified":"2026-01-16T12:34:51+00:00","breadcrumb":{"@id":"https:\/\/cetaq.com\/es\/politica-de-privacidad\/#breadcrumb"},"inLanguage":"es","potentialAction":[{"@type":"ReadAction","target":["https:\/\/cetaq.com\/es\/politica-de-privacidad\/"]}]},{"@type":"BreadcrumbList","@id":"https:\/\/cetaq.com\/es\/politica-de-privacidad\/#breadcrumb","itemListElement":[{"@type":"ListItem","position":1,"name":"Startseite","item":"https:\/\/cetaq.com\/es\/"},{"@type":"ListItem","position":2,"name":"Pol\u00edtica de privacidad"}]},{"@type":"WebSite","@id":"https:\/\/cetaq.com\/es\/#website","url":"https:\/\/cetaq.com\/es\/","name":"CeTaQ \u2013 \u8fc7\u7a0b\u80fd\u529b\u4e0e\u673a\u5668\u80fd\u529b\u5206\u6790\u5728SMT\u5236\u9020\u4e2d","description":"Reliable measurement systems &amp; software for precise analysis and sustainable process optimization worldwide.","publisher":{"@id":"https:\/\/cetaq.com\/es\/#organization"},"potentialAction":[{"@type":"SearchAction","target":{"@type":"EntryPoint","urlTemplate":"https:\/\/cetaq.com\/es\/?s={search_term_string}"},"query-input":{"@type":"PropertyValueSpecification","valueRequired":true,"valueName":"search_term_string"}}],"inLanguage":"es"},{"@type":"Organization","@id":"https:\/\/cetaq.com\/es\/#organization","name":"CeTaQ \u2013 Process Capability & Machine Capability Analysis in SMT Manufacturing","alternateName":"Reliable measurement systems & software for precise analysis and sustainable process optimization worldwide.","url":"https:\/\/cetaq.com\/es\/","logo":{"@type":"ImageObject","inLanguage":"es","@id":"https:\/\/cetaq.com\/es\/#\/schema\/logo\/image\/","url":"https:\/\/cetaq.com\/wp-content\/uploads\/2025\/08\/logo-5.png","contentUrl":"https:\/\/cetaq.com\/wp-content\/uploads\/2025\/08\/logo-5.png","width":340,"height":260,"caption":"CeTaQ \u2013 Process Capability & Machine Capability Analysis in SMT Manufacturing"},"image":{"@id":"https:\/\/cetaq.com\/es\/#\/schema\/logo\/image\/"}}]}},"_links":{"self":[{"href":"https:\/\/cetaq.com\/es\/wp-json\/wp\/v2\/pages\/8047","targetHints":{"allow":["GET"]}}],"collection":[{"href":"https:\/\/cetaq.com\/es\/wp-json\/wp\/v2\/pages"}],"about":[{"href":"https:\/\/cetaq.com\/es\/wp-json\/wp\/v2\/types\/page"}],"author":[{"embeddable":true,"href":"https:\/\/cetaq.com\/es\/wp-json\/wp\/v2\/users\/1"}],"replies":[{"embeddable":true,"href":"https:\/\/cetaq.com\/es\/wp-json\/wp\/v2\/comments?post=8047"}],"version-history":[{"count":5,"href":"https:\/\/cetaq.com\/es\/wp-json\/wp\/v2\/pages\/8047\/revisions"}],"predecessor-version":[{"id":8243,"href":"https:\/\/cetaq.com\/es\/wp-json\/wp\/v2\/pages\/8047\/revisions\/8243"}],"wp:attachment":[{"href":"https:\/\/cetaq.com\/es\/wp-json\/wp\/v2\/media?parent=8047"}],"curies":[{"name":"wp","href":"https:\/\/api.w.org\/{rel}","templated":true}]}}