{"id":7688,"date":"2025-08-08T03:46:59","date_gmt":"2025-08-08T01:46:59","guid":{"rendered":"https:\/\/peter.cetaq.de\/aviso-legal\/"},"modified":"2025-12-04T12:27:49","modified_gmt":"2025-12-04T11:27:49","slug":"aviso-legal","status":"publish","type":"page","link":"https:\/\/cetaq.com\/es\/aviso-legal\/","title":{"rendered":"Aviso legal"},"content":{"rendered":"<div class=\"fusion-fullwidth fullwidth-box fusion-builder-row-1 fusion-flex-container has-pattern-background has-mask-background nonhundred-percent-fullwidth non-hundred-percent-height-scrolling\" style=\"--awb-border-radius-top-left:0px;--awb-border-radius-top-right:0px;--awb-border-radius-bottom-right:0px;--awb-border-radius-bottom-left:0px;--awb-margin-top:96px;--awb-margin-bottom:96px;--awb-flex-wrap:wrap;\" ><div class=\"fusion-builder-row fusion-row fusion-flex-align-items-flex-start fusion-flex-content-wrap\" style=\"max-width:1256.6px;margin-left: calc(-3% \/ 2 );margin-right: calc(-3% \/ 2 );\"><div class=\"fusion-layout-column fusion_builder_column fusion-builder-column-0 fusion_builder_column_1_1 1_1 fusion-flex-column\" style=\"--awb-bg-size:cover;--awb-width-large:100%;--awb-spacing-right-large:1.455%;--awb-margin-bottom-large:0px;--awb-spacing-left-large:1.455%;--awb-width-medium:100%;--awb-order-medium:0;--awb-spacing-right-medium:1.455%;--awb-spacing-left-medium:1.455%;--awb-width-small:100%;--awb-order-small:0;--awb-spacing-right-small:1.455%;--awb-spacing-left-small:1.455%;\"><div class=\"fusion-column-wrapper fusion-column-has-shadow fusion-flex-justify-content-flex-start fusion-content-layout-column\"><div class=\"fusion-text fusion-text-1\"><h3>Informaci\u00f3n conforme al art\u00edculo 5 de la Ley alemana de medios de telecomunicaci\u00f3n (TMG):<\/h3>\n<p><strong>Direcci\u00f3n<\/strong><br \/>\nCeTaQ GmbH<br \/>\nAm Promigberg 1<br \/>\n01108 Dresde<br \/>\nAlemania<\/p>\n<p><strong>Inscrita en el Registro Mercantil B<\/strong><br \/>\nTribunal de Distrito de Dresde: HRB 13180<\/p>\n<p><strong>Gerente:<\/strong><br \/>\nDipl.-Ing. Heiko Haupt<br \/>\nDr.-Ing. Mathias Keil<\/p>\n<p>\u200b<strong>N\u00famero de identificaci\u00f3n a efectos del IVA seg\u00fan el art\u00edculo 27 a de la Ley alemana del IVA<\/strong><br \/>\nNIF-IVA: DE 812043902<\/p>\n<p>\u200b<strong>Contacto<\/strong><br \/>\nTel\u00e9fono: +49 (0)351- 426607-60<br \/>\nFax: +49 (0)351 &#8211; 436607-79<br \/>\nCorreo electr\u00f3nico: info(at)cetaq.com<\/p>\n<p><strong>Redactor responsable<\/strong><\/p>\n<p>Heiko Haupt<\/p>\n<hr>\n<p>\u200b<\/p>\n<h2>Exclusi\u00f3n de responsabilidad (Disclaimer)<\/h2>\n<h3>Responsabilidad por el contenido<\/h3>\n<p>Como proveedor de servicios, somos responsables de los contenidos propios de estas p\u00e1ginas de acuerdo con el art\u00edculo 7, apartado 1, de la Ley alemana de medios de telecomunicaci\u00f3n (TMG) y las leyes generales. No obstante, de acuerdo con los art\u00edculos 8 a 10 de la TMG, como proveedor de servicios no estamos obligados a controlar la informaci\u00f3n ajena transmitida o almacenada ni a investigar las circunstancias que indiquen una actividad ilegal. Las obligaciones de eliminar o bloquear el uso de la informaci\u00f3n en virtud de las leyes generales no se ver\u00e1n afectadas por ello. No obstante, la responsabilidad a este respecto solo es posible a partir del momento en que se tiene conocimiento de una infracci\u00f3n concreta de la ley. En cuanto tengamos conocimiento de tales infracciones, eliminaremos el contenido de inmediato.     <\/p>\n<h3>Responsabilidad por los enlaces<\/h3>\n<p>Nuestra oferta contiene enlaces a sitios web externos de terceros sobre cuyos contenidos no tenemos ninguna influencia. Por lo tanto, no podemos asumir ninguna responsabilidad por estos contenidos ajenos. El proveedor u operador de las p\u00e1ginas enlazadas es siempre responsable de sus contenidos. Las p\u00e1ginas enlazadas fueron revisadas en el momento de la vinculaci\u00f3n para comprobar posibles infracciones legales. En el momento de la vinculaci\u00f3n no se detectaron contenidos ilegales. Sin embargo, no es razonable realizar un control permanente del contenido de las p\u00e1ginas enlazadas sin pruebas concretas de una infracci\u00f3n de la ley. En cuanto tengamos conocimiento de alguna infracci\u00f3n, eliminaremos dichos enlaces de inmediato.      <\/p>\n<h3>Derechos de autor<\/h3>\n<p>Los contenidos y obras creados por los operadores de estas p\u00e1ginas est\u00e1n sujetos a la ley alemana de derechos de autor. La reproducci\u00f3n, el procesamiento, la distribuci\u00f3n y cualquier tipo de explotaci\u00f3n fuera de los l\u00edmites de la ley de derechos de autor requieren el consentimiento por escrito del autor o creador respectivo. Las descargas y copias de esta p\u00e1gina solo est\u00e1n permitidas para uso privado, no comercial. En la medida en que el contenido de esta p\u00e1gina no haya sido creado por el operador, se respetar\u00e1n los derechos de autor de terceros. En particular, el contenido de terceros se identifica como tal. Si, a pesar de ello, tiene conocimiento de una infracci\u00f3n de los derechos de autor, le rogamos que nos lo notifique. En cuanto tengamos conocimiento de alguna infracci\u00f3n, eliminaremos dicho contenido de inmediato.      <\/p>\n<p>Fuente: eRecht24<\/p>\n<\/div><\/div><\/div><\/div><\/div>\n","protected":false},"excerpt":{"rendered":"","protected":false},"author":1,"featured_media":0,"parent":0,"menu_order":0,"comment_status":"closed","ping_status":"closed","template":"100-width.php","meta":{"_acf_changed":false,"inline_featured_image":false,"footnotes":""},"class_list":["post-7688","page","type-page","status-publish","hentry"],"acf":[],"yoast_head":"<!-- This site is optimized with the Yoast SEO plugin v27.3 - https:\/\/yoast.com\/product\/yoast-seo-wordpress\/ -->\n<title>Aviso legal - CeTaQ \u2013 An\u00e1lisis de la capacidad de procesos y de m\u00e1quinas en la fabricaci\u00f3n SMT<\/title>\n<meta name=\"robots\" content=\"noindex, follow, max-snippet:-1, max-image-preview:large, max-video-preview:-1\" \/>\n<meta property=\"og:locale\" content=\"es_ES\" \/>\n<meta property=\"og:type\" content=\"article\" \/>\n<meta property=\"og:title\" content=\"Aviso legal - CeTaQ \u2013 An\u00e1lisis de la capacidad de procesos y de m\u00e1quinas en la fabricaci\u00f3n SMT\" \/>\n<meta property=\"og:url\" content=\"https:\/\/cetaq.com\/es\/aviso-legal\/\" \/>\n<meta property=\"og:site_name\" content=\"CeTaQ \u2013 An\u00e1lisis de la capacidad de procesos y de m\u00e1quinas en la fabricaci\u00f3n SMT\" \/>\n<meta property=\"article:modified_time\" content=\"2025-12-04T11:27:49+00:00\" \/>\n<meta property=\"og:image\" content=\"https:\/\/cetaq.com\/wp-content\/uploads\/2026\/01\/2_Persons_service_l.jpg\" \/>\n\t<meta property=\"og:image:width\" content=\"1200\" \/>\n\t<meta property=\"og:image:height\" content=\"675\" \/>\n\t<meta property=\"og:image:type\" content=\"image\/jpeg\" \/>\n<meta name=\"twitter:card\" content=\"summary_large_image\" \/>\n<meta name=\"twitter:label1\" content=\"Tiempo de lectura\" \/>\n\t<meta name=\"twitter:data1\" content=\"6 minutos\" \/>\n<script type=\"application\/ld+json\" class=\"yoast-schema-graph\">{\"@context\":\"https:\\\/\\\/schema.org\",\"@graph\":[{\"@type\":\"WebPage\",\"@id\":\"https:\\\/\\\/cetaq.com\\\/es\\\/aviso-legal\\\/\",\"url\":\"https:\\\/\\\/cetaq.com\\\/es\\\/aviso-legal\\\/\",\"name\":\"Aviso legal - CeTaQ \u2013 An\u00e1lisis de la capacidad de procesos y de m\u00e1quinas en la fabricaci\u00f3n SMT\",\"isPartOf\":{\"@id\":\"https:\\\/\\\/cetaq.com\\\/es\\\/#website\"},\"datePublished\":\"2025-08-08T01:46:59+00:00\",\"dateModified\":\"2025-12-04T11:27:49+00:00\",\"breadcrumb\":{\"@id\":\"https:\\\/\\\/cetaq.com\\\/es\\\/aviso-legal\\\/#breadcrumb\"},\"inLanguage\":\"es\",\"potentialAction\":[{\"@type\":\"ReadAction\",\"target\":[\"https:\\\/\\\/cetaq.com\\\/es\\\/aviso-legal\\\/\"]}]},{\"@type\":\"BreadcrumbList\",\"@id\":\"https:\\\/\\\/cetaq.com\\\/es\\\/aviso-legal\\\/#breadcrumb\",\"itemListElement\":[{\"@type\":\"ListItem\",\"position\":1,\"name\":\"Startseite\",\"item\":\"https:\\\/\\\/cetaq.com\\\/es\\\/\"},{\"@type\":\"ListItem\",\"position\":2,\"name\":\"Aviso legal\"}]},{\"@type\":\"WebSite\",\"@id\":\"https:\\\/\\\/cetaq.com\\\/es\\\/#website\",\"url\":\"https:\\\/\\\/cetaq.com\\\/es\\\/\",\"name\":\"CeTaQ \u2013 \u8fc7\u7a0b\u80fd\u529b\u4e0e\u673a\u5668\u80fd\u529b\u5206\u6790\u5728SMT\u5236\u9020\u4e2d\",\"description\":\"Reliable measurement systems &amp; software for precise analysis and sustainable process optimization worldwide.\",\"publisher\":{\"@id\":\"https:\\\/\\\/cetaq.com\\\/es\\\/#organization\"},\"potentialAction\":[{\"@type\":\"SearchAction\",\"target\":{\"@type\":\"EntryPoint\",\"urlTemplate\":\"https:\\\/\\\/cetaq.com\\\/es\\\/?s={search_term_string}\"},\"query-input\":{\"@type\":\"PropertyValueSpecification\",\"valueRequired\":true,\"valueName\":\"search_term_string\"}}],\"inLanguage\":\"es\"},{\"@type\":\"Organization\",\"@id\":\"https:\\\/\\\/cetaq.com\\\/es\\\/#organization\",\"name\":\"CeTaQ \u2013 Process Capability & Machine Capability Analysis in SMT Manufacturing\",\"alternateName\":\"Reliable measurement systems & software for precise analysis and sustainable process optimization worldwide.\",\"url\":\"https:\\\/\\\/cetaq.com\\\/es\\\/\",\"logo\":{\"@type\":\"ImageObject\",\"inLanguage\":\"es\",\"@id\":\"https:\\\/\\\/cetaq.com\\\/es\\\/#\\\/schema\\\/logo\\\/image\\\/\",\"url\":\"https:\\\/\\\/cetaq.com\\\/wp-content\\\/uploads\\\/2025\\\/08\\\/logo-5.png\",\"contentUrl\":\"https:\\\/\\\/cetaq.com\\\/wp-content\\\/uploads\\\/2025\\\/08\\\/logo-5.png\",\"width\":340,\"height\":260,\"caption\":\"CeTaQ \u2013 Process Capability & Machine Capability Analysis in SMT Manufacturing\"},\"image\":{\"@id\":\"https:\\\/\\\/cetaq.com\\\/es\\\/#\\\/schema\\\/logo\\\/image\\\/\"}}]}<\/script>\n<!-- \/ Yoast SEO plugin. -->","yoast_head_json":{"title":"Aviso legal - CeTaQ \u2013 An\u00e1lisis de la capacidad de procesos y de m\u00e1quinas en la fabricaci\u00f3n SMT","robots":{"index":"noindex","follow":"follow","max-snippet":"max-snippet:-1","max-image-preview":"max-image-preview:large","max-video-preview":"max-video-preview:-1"},"og_locale":"es_ES","og_type":"article","og_title":"Aviso legal - CeTaQ \u2013 An\u00e1lisis de la capacidad de procesos y de m\u00e1quinas en la fabricaci\u00f3n SMT","og_url":"https:\/\/cetaq.com\/es\/aviso-legal\/","og_site_name":"CeTaQ \u2013 An\u00e1lisis de la capacidad de procesos y de m\u00e1quinas en la fabricaci\u00f3n SMT","article_modified_time":"2025-12-04T11:27:49+00:00","og_image":[{"width":1200,"height":675,"url":"https:\/\/cetaq.com\/wp-content\/uploads\/2026\/01\/2_Persons_service_l.jpg","type":"image\/jpeg"}],"twitter_card":"summary_large_image","twitter_misc":{"Tiempo de lectura":"6 minutos"},"schema":{"@context":"https:\/\/schema.org","@graph":[{"@type":"WebPage","@id":"https:\/\/cetaq.com\/es\/aviso-legal\/","url":"https:\/\/cetaq.com\/es\/aviso-legal\/","name":"Aviso legal - CeTaQ \u2013 An\u00e1lisis de la capacidad de procesos y de m\u00e1quinas en la fabricaci\u00f3n SMT","isPartOf":{"@id":"https:\/\/cetaq.com\/es\/#website"},"datePublished":"2025-08-08T01:46:59+00:00","dateModified":"2025-12-04T11:27:49+00:00","breadcrumb":{"@id":"https:\/\/cetaq.com\/es\/aviso-legal\/#breadcrumb"},"inLanguage":"es","potentialAction":[{"@type":"ReadAction","target":["https:\/\/cetaq.com\/es\/aviso-legal\/"]}]},{"@type":"BreadcrumbList","@id":"https:\/\/cetaq.com\/es\/aviso-legal\/#breadcrumb","itemListElement":[{"@type":"ListItem","position":1,"name":"Startseite","item":"https:\/\/cetaq.com\/es\/"},{"@type":"ListItem","position":2,"name":"Aviso legal"}]},{"@type":"WebSite","@id":"https:\/\/cetaq.com\/es\/#website","url":"https:\/\/cetaq.com\/es\/","name":"CeTaQ \u2013 \u8fc7\u7a0b\u80fd\u529b\u4e0e\u673a\u5668\u80fd\u529b\u5206\u6790\u5728SMT\u5236\u9020\u4e2d","description":"Reliable measurement systems &amp; software for precise analysis and sustainable process optimization worldwide.","publisher":{"@id":"https:\/\/cetaq.com\/es\/#organization"},"potentialAction":[{"@type":"SearchAction","target":{"@type":"EntryPoint","urlTemplate":"https:\/\/cetaq.com\/es\/?s={search_term_string}"},"query-input":{"@type":"PropertyValueSpecification","valueRequired":true,"valueName":"search_term_string"}}],"inLanguage":"es"},{"@type":"Organization","@id":"https:\/\/cetaq.com\/es\/#organization","name":"CeTaQ \u2013 Process Capability & Machine Capability Analysis in SMT Manufacturing","alternateName":"Reliable measurement systems & software for precise analysis and sustainable process optimization worldwide.","url":"https:\/\/cetaq.com\/es\/","logo":{"@type":"ImageObject","inLanguage":"es","@id":"https:\/\/cetaq.com\/es\/#\/schema\/logo\/image\/","url":"https:\/\/cetaq.com\/wp-content\/uploads\/2025\/08\/logo-5.png","contentUrl":"https:\/\/cetaq.com\/wp-content\/uploads\/2025\/08\/logo-5.png","width":340,"height":260,"caption":"CeTaQ \u2013 Process Capability & Machine Capability Analysis in SMT Manufacturing"},"image":{"@id":"https:\/\/cetaq.com\/es\/#\/schema\/logo\/image\/"}}]}},"_links":{"self":[{"href":"https:\/\/cetaq.com\/es\/wp-json\/wp\/v2\/pages\/7688","targetHints":{"allow":["GET"]}}],"collection":[{"href":"https:\/\/cetaq.com\/es\/wp-json\/wp\/v2\/pages"}],"about":[{"href":"https:\/\/cetaq.com\/es\/wp-json\/wp\/v2\/types\/page"}],"author":[{"embeddable":true,"href":"https:\/\/cetaq.com\/es\/wp-json\/wp\/v2\/users\/1"}],"replies":[{"embeddable":true,"href":"https:\/\/cetaq.com\/es\/wp-json\/wp\/v2\/comments?post=7688"}],"version-history":[{"count":5,"href":"https:\/\/cetaq.com\/es\/wp-json\/wp\/v2\/pages\/7688\/revisions"}],"predecessor-version":[{"id":7700,"href":"https:\/\/cetaq.com\/es\/wp-json\/wp\/v2\/pages\/7688\/revisions\/7700"}],"wp:attachment":[{"href":"https:\/\/cetaq.com\/es\/wp-json\/wp\/v2\/media?parent=7688"}],"curies":[{"name":"wp","href":"https:\/\/api.w.org\/{rel}","templated":true}]}}