{"id":4493,"date":"2025-08-08T03:46:59","date_gmt":"2025-08-08T01:46:59","guid":{"rendered":"https:\/\/peter.cetaq.de\/?page_id=4493"},"modified":"2025-08-08T07:35:06","modified_gmt":"2025-08-08T05:35:06","slug":"impressum","status":"publish","type":"page","link":"https:\/\/cetaq.com\/de\/impressum\/","title":{"rendered":"Impressum"},"content":{"rendered":"<div class=\"fusion-fullwidth fullwidth-box fusion-builder-row-1 fusion-flex-container has-pattern-background has-mask-background nonhundred-percent-fullwidth non-hundred-percent-height-scrolling\" style=\"--awb-border-radius-top-left:0px;--awb-border-radius-top-right:0px;--awb-border-radius-bottom-right:0px;--awb-border-radius-bottom-left:0px;--awb-margin-top:96px;--awb-margin-bottom:96px;--awb-flex-wrap:wrap;\" ><div class=\"fusion-builder-row fusion-row fusion-flex-align-items-flex-start fusion-flex-content-wrap\" style=\"max-width:1256.6px;margin-left: calc(-3% \/ 2 );margin-right: calc(-3% \/ 2 );\"><div class=\"fusion-layout-column fusion_builder_column fusion-builder-column-0 fusion_builder_column_1_1 1_1 fusion-flex-column\" style=\"--awb-bg-size:cover;--awb-width-large:100%;--awb-spacing-right-large:1.455%;--awb-margin-bottom-large:0px;--awb-spacing-left-large:1.455%;--awb-width-medium:100%;--awb-order-medium:0;--awb-spacing-right-medium:1.455%;--awb-spacing-left-medium:1.455%;--awb-width-small:100%;--awb-order-small:0;--awb-spacing-right-small:1.455%;--awb-spacing-left-small:1.455%;\"><div class=\"fusion-column-wrapper fusion-column-has-shadow fusion-flex-justify-content-flex-start fusion-content-layout-column\"><div class=\"fusion-text fusion-text-1\"><h3>Angaben gem\u00e4\u00df \u00a7 5 TMG:<\/h3>\n<p><strong>Anschrift<\/strong><br \/>\nCeTaQ GmbH<br \/>\nAm Promigberg 1<br \/>\n01108 Dresden<br \/>\nDeutschland<\/p>\n<p><strong>Eingetragen im Haldelsregister B<\/strong><br \/>\nAmtsgericht Dresden: HRB 13180<\/p>\n<p><strong>Gesch\u00e4ftsf\u00fchrer:<\/strong><br \/>\nDipl.-Ing. Heiko Haupt<br \/>\nDr.-Ing. Mathias Keil<\/p>\n<p>\u200b<strong>Umsatzsteuer-Identifikationsnummer gem\u00e4\u00df \u00a727 a Umsatzsteuergesetz<\/strong><br \/>\nUmsatzsteuer-ID: DE 812043902<\/p>\n<p>\u200b<strong>Kontakt<\/strong><br \/>\nTelefon: +49 (0)351- 426607-60<br \/>\nFax: +49 (0)351 &#8211; 436607-79<br \/>\nE-Mail: info(at)cetaq.com<\/p>\n<p><strong>Verantwortlicher Redakteur<\/strong><\/p>\n<p>Heiko Haupt<\/p>\n<hr \/>\n<p>\u200b<\/p>\n<h2>Haftungsausschluss (Disclaimer)<\/h2>\n<h3>Haftung f\u00fcr Inhalte<\/h3>\n<p>Als Diensteanbieter sind wir gem\u00e4\u00df \u00a7 7 Abs.1 TMG f\u00fcr eigene Inhalte auf diesen Seiten nach den allgemeinen Gesetzen verantwortlich. Nach \u00a7\u00a7 8 bis 10 TMG sind wir als Diensteanbieter jedoch nicht verpflichtet, \u00fcbermittelte oder gespeicherte fremde Informationen zu \u00fcberwachen oder nach Umst\u00e4nden zu forschen, die auf eine rechtswidrige T\u00e4tigkeit hinweisen. Verpflichtungen zur Entfernung oder Sperrung der Nutzung von Informationen nach den allgemeinen Gesetzen bleiben hiervon unber\u00fchrt. Eine diesbez\u00fcgliche Haftung ist jedoch erst ab dem Zeitpunkt der Kenntnis einer konkreten Rechtsverletzung m\u00f6glich. Bei Bekanntwerden von entsprechenden Rechtsverletzungen werden wir diese Inhalte umgehend entfernen.<\/p>\n<h3>Haftung f\u00fcr Links<\/h3>\n<p>Unser Angebot enth\u00e4lt Links zu externen Webseiten Dritter, auf deren Inhalte wir keinen Einfluss haben. Deshalb k\u00f6nnen wir f\u00fcr diese fremden Inhalte auch keine Gew\u00e4hr \u00fcbernehmen. F\u00fcr die Inhalte der verlinkten Seiten ist stets der jeweilige Anbieter oder Betreiber der Seiten verantwortlich. Die verlinkten Seiten wurden zum Zeitpunkt der Verlinkung auf m\u00f6gliche Rechtsverst\u00f6\u00dfe \u00fcberpr\u00fcft. Rechtswidrige Inhalte waren zum Zeitpunkt der Verlinkung nicht erkennbar. Eine permanente inhaltliche Kontrolle der verlinkten Seiten ist jedoch ohne konkrete Anhaltspunkte einer Rechtsverletzung nicht zumutbar. Bei Bekanntwerden von Rechtsverletzungen werden wir derartige Links umgehend entfernen.<\/p>\n<h3>Urheberrecht<\/h3>\n<p>Die durch die Seitenbetreiber erstellten Inhalte und Werke auf diesen Seiten unterliegen dem deutschen Urheberrecht. Die Vervielf\u00e4ltigung, Bearbeitung, Verbreitung und jede Art der Verwertung au\u00dferhalb der Grenzen des Urheberrechtes bed\u00fcrfen der schriftlichen Zustimmung des jeweiligen Autors bzw. Erstellers. Downloads und Kopien dieser Seite sind nur f\u00fcr den privaten, nicht kommerziellen Gebrauch gestattet. Soweit die Inhalte auf dieser Seite nicht vom Betreiber erstellt wurden, werden die Urheberrechte Dritter beachtet. Insbesondere werden Inhalte Dritter als solche gekennzeichnet. Sollten Sie trotzdem auf eine Urheberrechtsverletzung aufmerksam werden, bitten wir um einen entsprechenden Hinweis. Bei Bekanntwerden von Rechtsverletzungen werden wir derartige Inhalte umgehend entfernen.<\/p>\n<p>Quelle: eRecht24<\/p>\n<\/div><\/div><\/div><\/div><\/div>\n","protected":false},"excerpt":{"rendered":"","protected":false},"author":1,"featured_media":0,"parent":0,"menu_order":0,"comment_status":"closed","ping_status":"closed","template":"100-width.php","meta":{"_acf_changed":false,"inline_featured_image":false,"footnotes":""},"class_list":["post-4493","page","type-page","status-publish","hentry"],"acf":[],"yoast_head":"<!-- This site is optimized with the Yoast SEO plugin v27.3 - https:\/\/yoast.com\/product\/yoast-seo-wordpress\/ -->\n<title>Impressum - CeTaQ \u2013 Prozessf\u00e4higkeits- &amp; Maschinenf\u00e4higkeitsanalyse in der SMT-Fertigung<\/title>\n<meta name=\"robots\" content=\"noindex, follow, max-snippet:-1, max-image-preview:large, max-video-preview:-1\" \/>\n<meta property=\"og:locale\" content=\"de_DE\" \/>\n<meta property=\"og:type\" content=\"article\" \/>\n<meta property=\"og:title\" content=\"Impressum - CeTaQ \u2013 Prozessf\u00e4higkeits- &amp; Maschinenf\u00e4higkeitsanalyse in der SMT-Fertigung\" \/>\n<meta property=\"og:url\" content=\"https:\/\/cetaq.com\/de\/impressum\/\" \/>\n<meta property=\"og:site_name\" content=\"CeTaQ \u2013 Prozessf\u00e4higkeits- &amp; Maschinenf\u00e4higkeitsanalyse in der SMT-Fertigung\" \/>\n<meta property=\"article:modified_time\" content=\"2025-08-08T05:35:06+00:00\" \/>\n<meta property=\"og:image\" content=\"https:\/\/cetaq.com\/wp-content\/uploads\/2026\/01\/2_Persons_service_l.jpg\" \/>\n\t<meta property=\"og:image:width\" content=\"1200\" \/>\n\t<meta property=\"og:image:height\" content=\"675\" \/>\n\t<meta property=\"og:image:type\" content=\"image\/jpeg\" \/>\n<meta name=\"twitter:card\" content=\"summary_large_image\" \/>\n<meta name=\"twitter:label1\" content=\"Gesch\u00e4tzte Lesezeit\" \/>\n\t<meta name=\"twitter:data1\" content=\"5\u00a0Minuten\" \/>\n<script type=\"application\/ld+json\" class=\"yoast-schema-graph\">{\"@context\":\"https:\\\/\\\/schema.org\",\"@graph\":[{\"@type\":\"WebPage\",\"@id\":\"https:\\\/\\\/cetaq.com\\\/de\\\/impressum\\\/\",\"url\":\"https:\\\/\\\/cetaq.com\\\/de\\\/impressum\\\/\",\"name\":\"Impressum - CeTaQ \u2013 Prozessf\u00e4higkeits- &amp; Maschinenf\u00e4higkeitsanalyse in der SMT-Fertigung\",\"isPartOf\":{\"@id\":\"https:\\\/\\\/cetaq.com\\\/de\\\/#website\"},\"datePublished\":\"2025-08-08T01:46:59+00:00\",\"dateModified\":\"2025-08-08T05:35:06+00:00\",\"breadcrumb\":{\"@id\":\"https:\\\/\\\/cetaq.com\\\/de\\\/impressum\\\/#breadcrumb\"},\"inLanguage\":\"de\",\"potentialAction\":[{\"@type\":\"ReadAction\",\"target\":[\"https:\\\/\\\/cetaq.com\\\/de\\\/impressum\\\/\"]}]},{\"@type\":\"BreadcrumbList\",\"@id\":\"https:\\\/\\\/cetaq.com\\\/de\\\/impressum\\\/#breadcrumb\",\"itemListElement\":[{\"@type\":\"ListItem\",\"position\":1,\"name\":\"Startseite\",\"item\":\"https:\\\/\\\/cetaq.com\\\/de\\\/\"},{\"@type\":\"ListItem\",\"position\":2,\"name\":\"Impressum\"}]},{\"@type\":\"WebSite\",\"@id\":\"https:\\\/\\\/cetaq.com\\\/de\\\/#website\",\"url\":\"https:\\\/\\\/cetaq.com\\\/de\\\/\",\"name\":\"CeTaQ \u2013 \u8fc7\u7a0b\u80fd\u529b\u4e0e\u673a\u5668\u80fd\u529b\u5206\u6790\u5728SMT\u5236\u9020\u4e2d\",\"description\":\"Zuverl\u00e4ssige Messsysteme &amp; Software f\u00fcr pr\u00e4zise Analysen und nachhaltige Prozessoptimierung weltweit.\",\"publisher\":{\"@id\":\"https:\\\/\\\/cetaq.com\\\/de\\\/#organization\"},\"potentialAction\":[{\"@type\":\"SearchAction\",\"target\":{\"@type\":\"EntryPoint\",\"urlTemplate\":\"https:\\\/\\\/cetaq.com\\\/de\\\/?s={search_term_string}\"},\"query-input\":{\"@type\":\"PropertyValueSpecification\",\"valueRequired\":true,\"valueName\":\"search_term_string\"}}],\"inLanguage\":\"de\"},{\"@type\":\"Organization\",\"@id\":\"https:\\\/\\\/cetaq.com\\\/de\\\/#organization\",\"name\":\"CeTaQ \u2013 Process Capability & Machine Capability Analysis in SMT Manufacturing\",\"alternateName\":\"Reliable measurement systems & software for precise analysis and sustainable process optimization worldwide.\",\"url\":\"https:\\\/\\\/cetaq.com\\\/de\\\/\",\"logo\":{\"@type\":\"ImageObject\",\"inLanguage\":\"de\",\"@id\":\"https:\\\/\\\/cetaq.com\\\/de\\\/#\\\/schema\\\/logo\\\/image\\\/\",\"url\":\"https:\\\/\\\/cetaq.com\\\/wp-content\\\/uploads\\\/2025\\\/08\\\/logo-5.png\",\"contentUrl\":\"https:\\\/\\\/cetaq.com\\\/wp-content\\\/uploads\\\/2025\\\/08\\\/logo-5.png\",\"width\":340,\"height\":260,\"caption\":\"CeTaQ \u2013 Process Capability & Machine Capability Analysis in SMT Manufacturing\"},\"image\":{\"@id\":\"https:\\\/\\\/cetaq.com\\\/de\\\/#\\\/schema\\\/logo\\\/image\\\/\"}}]}<\/script>\n<!-- \/ Yoast SEO plugin. -->","yoast_head_json":{"title":"Impressum - CeTaQ \u2013 Prozessf\u00e4higkeits- &amp; Maschinenf\u00e4higkeitsanalyse in der SMT-Fertigung","robots":{"index":"noindex","follow":"follow","max-snippet":"max-snippet:-1","max-image-preview":"max-image-preview:large","max-video-preview":"max-video-preview:-1"},"og_locale":"de_DE","og_type":"article","og_title":"Impressum - CeTaQ \u2013 Prozessf\u00e4higkeits- &amp; Maschinenf\u00e4higkeitsanalyse in der SMT-Fertigung","og_url":"https:\/\/cetaq.com\/de\/impressum\/","og_site_name":"CeTaQ \u2013 Prozessf\u00e4higkeits- &amp; Maschinenf\u00e4higkeitsanalyse in der SMT-Fertigung","article_modified_time":"2025-08-08T05:35:06+00:00","og_image":[{"width":1200,"height":675,"url":"https:\/\/cetaq.com\/wp-content\/uploads\/2026\/01\/2_Persons_service_l.jpg","type":"image\/jpeg"}],"twitter_card":"summary_large_image","twitter_misc":{"Gesch\u00e4tzte Lesezeit":"5\u00a0Minuten"},"schema":{"@context":"https:\/\/schema.org","@graph":[{"@type":"WebPage","@id":"https:\/\/cetaq.com\/de\/impressum\/","url":"https:\/\/cetaq.com\/de\/impressum\/","name":"Impressum - CeTaQ \u2013 Prozessf\u00e4higkeits- &amp; Maschinenf\u00e4higkeitsanalyse in der SMT-Fertigung","isPartOf":{"@id":"https:\/\/cetaq.com\/de\/#website"},"datePublished":"2025-08-08T01:46:59+00:00","dateModified":"2025-08-08T05:35:06+00:00","breadcrumb":{"@id":"https:\/\/cetaq.com\/de\/impressum\/#breadcrumb"},"inLanguage":"de","potentialAction":[{"@type":"ReadAction","target":["https:\/\/cetaq.com\/de\/impressum\/"]}]},{"@type":"BreadcrumbList","@id":"https:\/\/cetaq.com\/de\/impressum\/#breadcrumb","itemListElement":[{"@type":"ListItem","position":1,"name":"Startseite","item":"https:\/\/cetaq.com\/de\/"},{"@type":"ListItem","position":2,"name":"Impressum"}]},{"@type":"WebSite","@id":"https:\/\/cetaq.com\/de\/#website","url":"https:\/\/cetaq.com\/de\/","name":"CeTaQ \u2013 \u8fc7\u7a0b\u80fd\u529b\u4e0e\u673a\u5668\u80fd\u529b\u5206\u6790\u5728SMT\u5236\u9020\u4e2d","description":"Zuverl\u00e4ssige Messsysteme &amp; Software f\u00fcr pr\u00e4zise Analysen und nachhaltige Prozessoptimierung weltweit.","publisher":{"@id":"https:\/\/cetaq.com\/de\/#organization"},"potentialAction":[{"@type":"SearchAction","target":{"@type":"EntryPoint","urlTemplate":"https:\/\/cetaq.com\/de\/?s={search_term_string}"},"query-input":{"@type":"PropertyValueSpecification","valueRequired":true,"valueName":"search_term_string"}}],"inLanguage":"de"},{"@type":"Organization","@id":"https:\/\/cetaq.com\/de\/#organization","name":"CeTaQ \u2013 Process Capability & Machine Capability Analysis in SMT Manufacturing","alternateName":"Reliable measurement systems & software for precise analysis and sustainable process optimization worldwide.","url":"https:\/\/cetaq.com\/de\/","logo":{"@type":"ImageObject","inLanguage":"de","@id":"https:\/\/cetaq.com\/de\/#\/schema\/logo\/image\/","url":"https:\/\/cetaq.com\/wp-content\/uploads\/2025\/08\/logo-5.png","contentUrl":"https:\/\/cetaq.com\/wp-content\/uploads\/2025\/08\/logo-5.png","width":340,"height":260,"caption":"CeTaQ \u2013 Process Capability & Machine Capability Analysis in SMT Manufacturing"},"image":{"@id":"https:\/\/cetaq.com\/de\/#\/schema\/logo\/image\/"}}]}},"_links":{"self":[{"href":"https:\/\/cetaq.com\/de\/wp-json\/wp\/v2\/pages\/4493","targetHints":{"allow":["GET"]}}],"collection":[{"href":"https:\/\/cetaq.com\/de\/wp-json\/wp\/v2\/pages"}],"about":[{"href":"https:\/\/cetaq.com\/de\/wp-json\/wp\/v2\/types\/page"}],"author":[{"embeddable":true,"href":"https:\/\/cetaq.com\/de\/wp-json\/wp\/v2\/users\/1"}],"replies":[{"embeddable":true,"href":"https:\/\/cetaq.com\/de\/wp-json\/wp\/v2\/comments?post=4493"}],"version-history":[{"count":3,"href":"https:\/\/cetaq.com\/de\/wp-json\/wp\/v2\/pages\/4493\/revisions"}],"predecessor-version":[{"id":4516,"href":"https:\/\/cetaq.com\/de\/wp-json\/wp\/v2\/pages\/4493\/revisions\/4516"}],"wp:attachment":[{"href":"https:\/\/cetaq.com\/de\/wp-json\/wp\/v2\/media?parent=4493"}],"curies":[{"name":"wp","href":"https:\/\/api.w.org\/{rel}","templated":true}]}}