{"id":3,"date":"2025-08-07T03:34:26","date_gmt":"2025-08-07T01:34:26","guid":{"rendered":"https:\/\/peter.cetaq.de\/?page_id=3"},"modified":"2026-01-16T13:33:28","modified_gmt":"2026-01-16T12:33:28","slug":"datenschutzerklaerung","status":"publish","type":"page","link":"https:\/\/cetaq.com\/de\/datenschutzerklaerung\/","title":{"rendered":"Datenschutzerkl\u00e4rung"},"content":{"rendered":"<div class=\"fusion-fullwidth fullwidth-box fusion-builder-row-1 fusion-flex-container has-pattern-background has-mask-background nonhundred-percent-fullwidth non-hundred-percent-height-scrolling\" style=\"--awb-border-radius-top-left:0px;--awb-border-radius-top-right:0px;--awb-border-radius-bottom-right:0px;--awb-border-radius-bottom-left:0px;--awb-flex-wrap:wrap;\" ><div class=\"fusion-builder-row fusion-row fusion-flex-align-items-flex-start fusion-flex-content-wrap\" style=\"max-width:1256.6px;margin-left: calc(-3% \/ 2 );margin-right: calc(-3% \/ 2 );\"><div class=\"fusion-layout-column fusion_builder_column fusion-builder-column-0 fusion_builder_column_1_1 1_1 fusion-flex-column\" style=\"--awb-bg-size:cover;--awb-width-large:100%;--awb-margin-top-large:96px;--awb-spacing-right-large:1.455%;--awb-margin-bottom-large:96px;--awb-spacing-left-large:1.455%;--awb-width-medium:100%;--awb-order-medium:0;--awb-spacing-right-medium:1.455%;--awb-spacing-left-medium:1.455%;--awb-width-small:100%;--awb-order-small:0;--awb-spacing-right-small:1.455%;--awb-spacing-left-small:1.455%;\" data-scroll-devices=\"small-visibility,medium-visibility,large-visibility\"><div class=\"fusion-column-wrapper fusion-column-has-shadow fusion-flex-justify-content-flex-start fusion-content-layout-column\"><div class=\"fusion-text fusion-text-1\"><h3>1. Verantwortlicher<\/h3>\n<p><strong>CeTaQ GmbH<\/strong><br \/>\nAm Promigberg 1<br \/>\n01108 Dresden<br \/>\nDeutschland<\/p>\n<p><strong>Gesch\u00e4ftsf\u00fchrer:<\/strong><br \/>\nDipl.-Ing. Heiko Haupt<br \/>\nDr.-Ing. Mathias Keil<\/p>\n<p><strong>Kontakt<\/strong><br \/>\nTelefon: +49 (0)351 &#8211; 426607-60<br \/>\nFax: +49 (0)351 &#8211; 436607-79<br \/>\nE-Mail: info(at)cetaq.com<\/p>\n<p><strong>Verantwortlicher Redakteur<\/strong><br \/>\nHeiko Haupt<\/p>\n<hr \/>\n<h3>2. Allgemeine Hinweise zur Datenverarbeitung<\/h3>\n<p>Wir verarbeiten personenbezogene Daten der Nutzerinnen und Nutzer nur, soweit dies zur Bereitstellung einer funktionsf\u00e4higen Website sowie unserer Inhalte und Leistungen erforderlich ist.<br \/>\nDie Verarbeitung erfolgt gem\u00e4\u00df den Vorgaben der Datenschutz-Grundverordnung (DSGVO) sowie des Bundesdatenschutzgesetzes (BDSG).<\/p>\n<hr \/>\n<h3>3. Hosting &amp; Server-Logfiles<\/h3>\n<p>Beim Besuch unserer Website werden durch den Hosting-Provider automatisch Informationen in sogenannten Server-Logfiles erhoben und gespeichert.<\/p>\n<p>Diese Daten umfassen:<\/p>\n<ul>\n<li>IP-Adresse<\/li>\n<li>Browsertyp und Browserversion<\/li>\n<li>verwendetes Betriebssystem<\/li>\n<li>Referrer-URL<\/li>\n<li>Datum und Uhrzeit des Zugriffs<\/li>\n<li>aufgerufene Seiten<\/li>\n<\/ul>\n<p>Die Verarbeitung erfolgt zur Sicherstellung eines st\u00f6rungsfreien Betriebs der Website sowie zur Verbesserung der Stabilit\u00e4t und Sicherheit.<br \/>\nRechtsgrundlage ist Art. 6 Abs. 1 lit. f DSGVO.<\/p>\n<hr \/>\n<h3>4. Cookies &amp; Einwilligungsmanagement<\/h3>\n<p>Unsere Website verwendet Cookies. Cookies sind kleine Textdateien, die auf Ihrem Endger\u00e4t gespeichert werden und bestimmte Funktionen erm\u00f6glichen.<\/p>\n<p>Wir nutzen das Plugin <strong>Borlabs Cookie<\/strong>, um Ihre Einwilligungen f\u00fcr den Einsatz von Cookies und externen Diensten datenschutzkonform zu verwalten.<\/p>\n<ul>\n<li>Technisch notwendige Cookies werden auf Grundlage von Art. 6 Abs. 1 lit. f DSGVO gesetzt.<\/li>\n<li>Nicht notwendige Cookies (z. B. f\u00fcr Analysezwecke) werden nur nach Ihrer ausdr\u00fccklichen Einwilligung gem\u00e4\u00df Art. 6 Abs. 1 lit. a DSGVO gesetzt.<\/li>\n<\/ul>\n<p>Ihre Einwilligung k\u00f6nnen Sie jederzeit \u00fcber die Cookie-Einstellungen widerrufen oder anpassen.<\/p>\n<hr \/>\n<h3>5. Eingesetzte Plugins und Tools<\/h3>\n<p>Unsere Website basiert auf WordPress und nutzt verschiedene Erweiterungen. Nachfolgend informieren wir \u00fcber die relevanten Plugins und deren datenschutzrechtliche Bewertung.<\/p>\n<h4>5.1 Avada Theme &amp; Avada Builder<\/h4>\n<p>Zur Gestaltung und Darstellung der Website verwenden wir das WordPress-Theme Avada inklusive Avada Builder.<br \/>\nEs erfolgt keine \u00dcbermittlung personenbezogener Daten an den Hersteller ThemeFusion.<\/p>\n<h4>5.2 WPML \u2013 Mehrsprachigkeit<\/h4>\n<p>Wir nutzen WPML Multilingual CMS, WPML String Translation sowie WPML SEO zur Bereitstellung mehrsprachiger Inhalte.<br \/>\nWPML setzt ein funktionales Cookie, um die vom Nutzer gew\u00e4hlte Sprache zu speichern.<br \/>\nEine Daten\u00fcbertragung an den Plugin-Hersteller findet nicht statt.<\/p>\n<h4>5.3 Advanced Custom Fields (ACF)<\/h4>\n<p>ACF dient der strukturierten Verwaltung von Inhalten im Backend.<br \/>\nEs erfolgt keine Verarbeitung personenbezogener Besucherdaten.<\/p>\n<h4>5.4 UpdraftPlus \u2013 Backups<\/h4>\n<p>UpdraftPlus wird zur regelm\u00e4\u00dfigen Sicherung der Website eingesetzt.<br \/>\nBackups dienen ausschlie\u00dflich der Wiederherstellung im Fehlerfall und werden nicht zur Auswertung von Besucherdaten verwendet.<\/p>\n<h4>5.5 Akismet Anti-Spam<\/h4>\n<p>Akismet wird zur Erkennung von Spam eingesetzt.<br \/>\nDabei k\u00f6nnen folgende Daten an Server des Anbieters \u00fcbertragen werden:<br \/>\nIP-Adresse, Browserinformationen, Formularinhalte.<br \/>\nDie Verarbeitung erfolgt auf Grundlage von Art. 6 Abs. 1 lit. a oder f DSGVO.<br \/>\nSofern keine Formulare oder Kommentare genutzt werden, findet keine Daten\u00fcbertragung statt.<\/p>\n<h4>5.6 SVG Support<\/h4>\n<p>Dieses Plugin erm\u00f6glicht das Hochladen und Anzeigen von SVG-Dateien.<br \/>\nEs erfolgt keine Verarbeitung personenbezogener Daten.<\/p>\n<h4>5.7 Big File Uploads<\/h4>\n<p>Erweitert die maximale Uploadgr\u00f6\u00dfe im WordPress-Backend.<br \/>\nEs werden keine personenbezogenen Besucherdaten verarbeitet.<\/p>\n<h4>5.8 Yoast SEO &amp; Yoast Duplicate Post<\/h4>\n<p>Yoast SEO unterst\u00fctzt die Suchmaschinenoptimierung der Website.<br \/>\nYoast Duplicate Post dient ausschlie\u00dflich der internen Inhaltsverwaltung.<br \/>\nEine Verarbeitung personenbezogener Besucherdaten findet nicht statt.<\/p>\n<h4>5.9 Einbindung von Videos (Wistia)<\/h4>\n<p>Auf unserer Website sind Videos des Dienstes <strong>Wistia<\/strong> eingebunden.<br \/>\nAnbieter ist die Wistia, Inc., 17 Tudor Street, Cambridge, MA 02139, USA.<\/p>\n<p>Beim Aufruf einer Seite mit eingebettetem Wistia-Video wird eine Verbindung zu den Servern von Wistia hergestellt.<br \/>\nDabei k\u00f6nnen insbesondere folgende personenbezogene Daten verarbeitet werden:<\/p>\n<ul>\n<li>IP-Adresse<\/li>\n<li>Datum und Uhrzeit des Zugriffs<\/li>\n<li>Browser- und Ger\u00e4teinformationen<\/li>\n<li>Referrer-URL<\/li>\n<li>Nutzungsdaten (z. B. Abspielverhalten, Interaktionen)<\/li>\n<li>ggf. Cookies oder vergleichbare Technologien<\/li>\n<\/ul>\n<p>Die Datenverarbeitung kann auch in den USA erfolgen. F\u00fcr die USA besteht kein mit der EU vergleichbares Datenschutzniveau.<br \/>\nWistia verwendet Standardvertragsklauseln der EU-Kommission zur Sicherstellung eines angemessenen Datenschutzniveaus.<\/p>\n<p>Die Einbindung von Wistia erfolgt ausschlie\u00dflich nach Ihrer ausdr\u00fccklichen Einwilligung \u00fcber unser Cookie-Consent-Tool<br \/>\n<strong>Borlabs Cookie<\/strong> gem\u00e4\u00df Art. 6 Abs. 1 lit. a DSGVO.<\/p>\n<p>Weitere Informationen zur Datenverarbeitung durch Wistia finden Sie in der Datenschutzerkl\u00e4rung von Wistia:<br \/>\n<a href=\"https:\/\/wistia.com\/privacy\" target=\"_blank\" rel=\"noopener\">https:\/\/wistia.com\/privacy<\/a><\/p>\n<h3>6. Google Analytics<\/h3>\n<p>Unsere Website plant den Einsatz von <strong>Google Analytics 4<\/strong>, einem Webanalysedienst der Google Ireland Limited, Gordon House, Barrow Street, Dublin 4, Irland.<\/p>\n<p>Google Analytics verwendet Cookies, die eine Analyse der Benutzung der Website erm\u00f6glichen.<br \/>\nDie IP-Adresse wird dabei anonymisiert verarbeitet.<\/p>\n<p>Die Verarbeitung erfolgt ausschlie\u00dflich nach Ihrer ausdr\u00fccklichen Einwilligung gem\u00e4\u00df Art. 6 Abs. 1 lit. a DSGVO.<br \/>\nDie Einwilligung wird \u00fcber das Cookie-Consent-Tool Borlabs Cookie eingeholt und kann jederzeit widerrufen werden.<\/p>\n<hr \/>\n<h3>7. Kontaktaufnahme<\/h3>\n<p>Bei einer Kontaktaufnahme per E-Mail verarbeiten wir Ihre Angaben ausschlie\u00dflich zur Bearbeitung Ihrer Anfrage.<br \/>\nDie Daten werden nicht ohne Ihre Einwilligung weitergegeben.<br \/>\nRechtsgrundlage ist Art. 6 Abs. 1 lit. b DSGVO.<\/p>\n<hr \/>\n<h3>8. Rechte der betroffenen Personen<\/h3>\n<p>Sie haben gem\u00e4\u00df DSGVO folgende Rechte:<\/p>\n<ul>\n<li>Auskunft \u00fcber gespeicherte Daten<\/li>\n<li>Berichtigung unrichtiger Daten<\/li>\n<li>L\u00f6schung<\/li>\n<li>Einschr\u00e4nkung der Verarbeitung<\/li>\n<li>Daten\u00fcbertragbarkeit<\/li>\n<li>Widerspruch gegen die Verarbeitung<\/li>\n<\/ul>\n<p>Anfragen richten Sie bitte an: info(at)cetaq.com<\/p>\n<hr \/>\n<h3>9. Datensicherheit<\/h3>\n<p>Wir setzen geeignete technische und organisatorische Ma\u00dfnahmen ein, um Ihre Daten vor Verlust, Missbrauch und unbefugtem Zugriff zu sch\u00fctzen.<\/p>\n<h3>10. Aktualisierung<\/h3>\n<p>Diese Datenschutzerkl\u00e4rung wird bei \u00c4nderungen der rechtlichen Vorgaben oder technischen Entwicklungen angepasst.<br \/>\nStand: 12.01.2026<\/p>\n<\/div><\/div><\/div><\/div><\/div>\n","protected":false},"excerpt":{"rendered":"","protected":false},"author":1,"featured_media":0,"parent":0,"menu_order":0,"comment_status":"closed","ping_status":"open","template":"","meta":{"_acf_changed":false,"inline_featured_image":false,"footnotes":""},"class_list":["post-3","page","type-page","status-publish","hentry"],"acf":[],"yoast_head":"<!-- This site is optimized with the Yoast SEO plugin v27.3 - https:\/\/yoast.com\/product\/yoast-seo-wordpress\/ -->\n<title>Datenschutzerkl\u00e4rung - CeTaQ \u2013 Prozessf\u00e4higkeits- &amp; Maschinenf\u00e4higkeitsanalyse in der SMT-Fertigung<\/title>\n<meta name=\"robots\" content=\"noindex, follow, max-snippet:-1, max-image-preview:large, max-video-preview:-1\" \/>\n<meta property=\"og:locale\" content=\"de_DE\" \/>\n<meta property=\"og:type\" content=\"article\" \/>\n<meta property=\"og:title\" content=\"Datenschutzerkl\u00e4rung - CeTaQ \u2013 Prozessf\u00e4higkeits- &amp; Maschinenf\u00e4higkeitsanalyse in der SMT-Fertigung\" \/>\n<meta property=\"og:url\" content=\"https:\/\/cetaq.com\/de\/datenschutzerklaerung\/\" \/>\n<meta property=\"og:site_name\" content=\"CeTaQ \u2013 Prozessf\u00e4higkeits- &amp; Maschinenf\u00e4higkeitsanalyse in der SMT-Fertigung\" \/>\n<meta property=\"article:modified_time\" content=\"2026-01-16T12:33:28+00:00\" \/>\n<meta property=\"og:image\" content=\"https:\/\/cetaq.com\/wp-content\/uploads\/2026\/01\/2_Persons_service_l.jpg\" \/>\n\t<meta property=\"og:image:width\" content=\"1200\" \/>\n\t<meta property=\"og:image:height\" content=\"675\" \/>\n\t<meta property=\"og:image:type\" content=\"image\/jpeg\" \/>\n<meta name=\"twitter:card\" content=\"summary_large_image\" \/>\n<meta name=\"twitter:label1\" content=\"Gesch\u00e4tzte Lesezeit\" \/>\n\t<meta name=\"twitter:data1\" content=\"4\u00a0Minuten\" \/>\n<script type=\"application\/ld+json\" class=\"yoast-schema-graph\">{\"@context\":\"https:\\\/\\\/schema.org\",\"@graph\":[{\"@type\":\"WebPage\",\"@id\":\"https:\\\/\\\/cetaq.com\\\/de\\\/datenschutzerklaerung\\\/\",\"url\":\"https:\\\/\\\/cetaq.com\\\/de\\\/datenschutzerklaerung\\\/\",\"name\":\"Datenschutzerkl\u00e4rung - CeTaQ \u2013 Prozessf\u00e4higkeits- &amp; Maschinenf\u00e4higkeitsanalyse in der SMT-Fertigung\",\"isPartOf\":{\"@id\":\"https:\\\/\\\/cetaq.com\\\/de\\\/#website\"},\"datePublished\":\"2025-08-07T01:34:26+00:00\",\"dateModified\":\"2026-01-16T12:33:28+00:00\",\"breadcrumb\":{\"@id\":\"https:\\\/\\\/cetaq.com\\\/de\\\/datenschutzerklaerung\\\/#breadcrumb\"},\"inLanguage\":\"de\",\"potentialAction\":[{\"@type\":\"ReadAction\",\"target\":[\"https:\\\/\\\/cetaq.com\\\/de\\\/datenschutzerklaerung\\\/\"]}]},{\"@type\":\"BreadcrumbList\",\"@id\":\"https:\\\/\\\/cetaq.com\\\/de\\\/datenschutzerklaerung\\\/#breadcrumb\",\"itemListElement\":[{\"@type\":\"ListItem\",\"position\":1,\"name\":\"Startseite\",\"item\":\"https:\\\/\\\/cetaq.com\\\/de\\\/\"},{\"@type\":\"ListItem\",\"position\":2,\"name\":\"Datenschutzerkl\u00e4rung\"}]},{\"@type\":\"WebSite\",\"@id\":\"https:\\\/\\\/cetaq.com\\\/de\\\/#website\",\"url\":\"https:\\\/\\\/cetaq.com\\\/de\\\/\",\"name\":\"CeTaQ \u2013 \u8fc7\u7a0b\u80fd\u529b\u4e0e\u673a\u5668\u80fd\u529b\u5206\u6790\u5728SMT\u5236\u9020\u4e2d\",\"description\":\"Zuverl\u00e4ssige Messsysteme &amp; Software f\u00fcr pr\u00e4zise Analysen und nachhaltige Prozessoptimierung weltweit.\",\"publisher\":{\"@id\":\"https:\\\/\\\/cetaq.com\\\/de\\\/#organization\"},\"potentialAction\":[{\"@type\":\"SearchAction\",\"target\":{\"@type\":\"EntryPoint\",\"urlTemplate\":\"https:\\\/\\\/cetaq.com\\\/de\\\/?s={search_term_string}\"},\"query-input\":{\"@type\":\"PropertyValueSpecification\",\"valueRequired\":true,\"valueName\":\"search_term_string\"}}],\"inLanguage\":\"de\"},{\"@type\":\"Organization\",\"@id\":\"https:\\\/\\\/cetaq.com\\\/de\\\/#organization\",\"name\":\"CeTaQ \u2013 Process Capability & Machine Capability Analysis in SMT Manufacturing\",\"alternateName\":\"Reliable measurement systems & software for precise analysis and sustainable process optimization worldwide.\",\"url\":\"https:\\\/\\\/cetaq.com\\\/de\\\/\",\"logo\":{\"@type\":\"ImageObject\",\"inLanguage\":\"de\",\"@id\":\"https:\\\/\\\/cetaq.com\\\/de\\\/#\\\/schema\\\/logo\\\/image\\\/\",\"url\":\"https:\\\/\\\/cetaq.com\\\/wp-content\\\/uploads\\\/2025\\\/08\\\/logo-5.png\",\"contentUrl\":\"https:\\\/\\\/cetaq.com\\\/wp-content\\\/uploads\\\/2025\\\/08\\\/logo-5.png\",\"width\":340,\"height\":260,\"caption\":\"CeTaQ \u2013 Process Capability & Machine Capability Analysis in SMT Manufacturing\"},\"image\":{\"@id\":\"https:\\\/\\\/cetaq.com\\\/de\\\/#\\\/schema\\\/logo\\\/image\\\/\"}}]}<\/script>\n<!-- \/ Yoast SEO plugin. -->","yoast_head_json":{"title":"Datenschutzerkl\u00e4rung - CeTaQ \u2013 Prozessf\u00e4higkeits- &amp; Maschinenf\u00e4higkeitsanalyse in der SMT-Fertigung","robots":{"index":"noindex","follow":"follow","max-snippet":"max-snippet:-1","max-image-preview":"max-image-preview:large","max-video-preview":"max-video-preview:-1"},"og_locale":"de_DE","og_type":"article","og_title":"Datenschutzerkl\u00e4rung - CeTaQ \u2013 Prozessf\u00e4higkeits- &amp; Maschinenf\u00e4higkeitsanalyse in der SMT-Fertigung","og_url":"https:\/\/cetaq.com\/de\/datenschutzerklaerung\/","og_site_name":"CeTaQ \u2013 Prozessf\u00e4higkeits- &amp; Maschinenf\u00e4higkeitsanalyse in der SMT-Fertigung","article_modified_time":"2026-01-16T12:33:28+00:00","og_image":[{"width":1200,"height":675,"url":"https:\/\/cetaq.com\/wp-content\/uploads\/2026\/01\/2_Persons_service_l.jpg","type":"image\/jpeg"}],"twitter_card":"summary_large_image","twitter_misc":{"Gesch\u00e4tzte Lesezeit":"4\u00a0Minuten"},"schema":{"@context":"https:\/\/schema.org","@graph":[{"@type":"WebPage","@id":"https:\/\/cetaq.com\/de\/datenschutzerklaerung\/","url":"https:\/\/cetaq.com\/de\/datenschutzerklaerung\/","name":"Datenschutzerkl\u00e4rung - CeTaQ \u2013 Prozessf\u00e4higkeits- &amp; Maschinenf\u00e4higkeitsanalyse in der SMT-Fertigung","isPartOf":{"@id":"https:\/\/cetaq.com\/de\/#website"},"datePublished":"2025-08-07T01:34:26+00:00","dateModified":"2026-01-16T12:33:28+00:00","breadcrumb":{"@id":"https:\/\/cetaq.com\/de\/datenschutzerklaerung\/#breadcrumb"},"inLanguage":"de","potentialAction":[{"@type":"ReadAction","target":["https:\/\/cetaq.com\/de\/datenschutzerklaerung\/"]}]},{"@type":"BreadcrumbList","@id":"https:\/\/cetaq.com\/de\/datenschutzerklaerung\/#breadcrumb","itemListElement":[{"@type":"ListItem","position":1,"name":"Startseite","item":"https:\/\/cetaq.com\/de\/"},{"@type":"ListItem","position":2,"name":"Datenschutzerkl\u00e4rung"}]},{"@type":"WebSite","@id":"https:\/\/cetaq.com\/de\/#website","url":"https:\/\/cetaq.com\/de\/","name":"CeTaQ \u2013 \u8fc7\u7a0b\u80fd\u529b\u4e0e\u673a\u5668\u80fd\u529b\u5206\u6790\u5728SMT\u5236\u9020\u4e2d","description":"Zuverl\u00e4ssige Messsysteme &amp; Software f\u00fcr pr\u00e4zise Analysen und nachhaltige Prozessoptimierung weltweit.","publisher":{"@id":"https:\/\/cetaq.com\/de\/#organization"},"potentialAction":[{"@type":"SearchAction","target":{"@type":"EntryPoint","urlTemplate":"https:\/\/cetaq.com\/de\/?s={search_term_string}"},"query-input":{"@type":"PropertyValueSpecification","valueRequired":true,"valueName":"search_term_string"}}],"inLanguage":"de"},{"@type":"Organization","@id":"https:\/\/cetaq.com\/de\/#organization","name":"CeTaQ \u2013 Process Capability & Machine Capability Analysis in SMT Manufacturing","alternateName":"Reliable measurement systems & software for precise analysis and sustainable process optimization worldwide.","url":"https:\/\/cetaq.com\/de\/","logo":{"@type":"ImageObject","inLanguage":"de","@id":"https:\/\/cetaq.com\/de\/#\/schema\/logo\/image\/","url":"https:\/\/cetaq.com\/wp-content\/uploads\/2025\/08\/logo-5.png","contentUrl":"https:\/\/cetaq.com\/wp-content\/uploads\/2025\/08\/logo-5.png","width":340,"height":260,"caption":"CeTaQ \u2013 Process Capability & Machine Capability Analysis in SMT Manufacturing"},"image":{"@id":"https:\/\/cetaq.com\/de\/#\/schema\/logo\/image\/"}}]}},"_links":{"self":[{"href":"https:\/\/cetaq.com\/de\/wp-json\/wp\/v2\/pages\/3","targetHints":{"allow":["GET"]}}],"collection":[{"href":"https:\/\/cetaq.com\/de\/wp-json\/wp\/v2\/pages"}],"about":[{"href":"https:\/\/cetaq.com\/de\/wp-json\/wp\/v2\/types\/page"}],"author":[{"embeddable":true,"href":"https:\/\/cetaq.com\/de\/wp-json\/wp\/v2\/users\/1"}],"replies":[{"embeddable":true,"href":"https:\/\/cetaq.com\/de\/wp-json\/wp\/v2\/comments?post=3"}],"version-history":[{"count":5,"href":"https:\/\/cetaq.com\/de\/wp-json\/wp\/v2\/pages\/3\/revisions"}],"predecessor-version":[{"id":8241,"href":"https:\/\/cetaq.com\/de\/wp-json\/wp\/v2\/pages\/3\/revisions\/8241"}],"wp:attachment":[{"href":"https:\/\/cetaq.com\/de\/wp-json\/wp\/v2\/media?parent=3"}],"curies":[{"name":"wp","href":"https:\/\/api.w.org\/{rel}","templated":true}]}}